{"id":2358,"date":"2020-10-23T16:24:45","date_gmt":"2020-10-23T16:24:45","guid":{"rendered":"https:\/\/nadair.com\/recessed-slim-lights\/preguntas-frecuentes\/"},"modified":"2020-10-23T16:24:45","modified_gmt":"2020-10-23T16:24:45","slug":"preguntas-frecuentes","status":"publish","type":"page","link":"https:\/\/nadair.com\/recessed-slim-lights\/es\/preguntas-frecuentes\/","title":{"rendered":"Preguntas Frecuentes"},"content":{"rendered":"<div class=\"fusion-fullwidth fullwidth-box fusion-builder-row-1 nonhundred-percent-fullwidth non-hundred-percent-height-scrolling\" style=\"--awb-border-radius-top-left:0px;--awb-border-radius-top-right:0px;--awb-border-radius-bottom-right:0px;--awb-border-radius-bottom-left:0px;--awb-flex-wrap:wrap;\" ><div class=\"fusion-builder-row fusion-row\"><div class=\"fusion-layout-column fusion_builder_column fusion-builder-column-0 fusion_builder_column_1_1 1_1 fusion-one-full fusion-column-first fusion-column-last\" style=\"--awb-bg-size:cover;\"><div class=\"fusion-column-wrapper fusion-flex-column-wrapper-legacy\"><style type=\"text\/css\">.fusion-faqs-wrapper #accordian-1 .fusion-panel { border-color:#e0dede; }.fusion-faqs-wrapper #accordian-1 .fusion-panel:hover{ border-color: #e0dede; }.fusion-accordian #accordian-1 .panel-title a .fa-fusion-box:before{ font-size: 13px;width: 13px;}.fusion-accordian #accordian-1 .panel-title a .fa-fusion-box{ color: #ffffff;}.fusion-accordian  #accordian-1 .panel-title a{font-family:Arial, Helvetica, sans-serif;font-style:normal;font-weight:400;}.fusion-accordian  #accordian-1 .panel-title a:not(:hover){}.fusion-accordian  #accordian-1 .toggle-content{font-family:Arial, Helvetica, sans-serif;font-style:normal;font-weight:400;}.fusion-accordian #accordian-1 .fa-fusion-box { background-color: #333333 !important;border-color: #333333 !important;}.fusion-accordian #accordian-1 .panel-title a:hover,.fusion-accordian #accordian-1 .panel-title a.hover { color: #ffffff;}.fusion-faq-shortcode .fusion-accordian #accordian-1 .fusion-toggle-boxed-mode:hover .panel-title a { color: #ffffff;}.fusion-accordian #accordian-1 .panel-title .active .fa-fusion-box,.fusion-accordian #accordian-1 .panel-title a:hover .fa-fusion-box,.fusion-accordian #accordian-1 .panel-title a.hover .fa-fusion-box { background-color: #ffffff!important;border-color: #ffffff!important;}<\/style><div class=\"fusion-faq-shortcode\" style=\"\"><div class=\"fusion-faqs-wrapper\"><div class=\"accordian fusion-accordian\"><div class=\"panel-group \" id=\"accordian-1\"><div class=\"fusion-panel panel-default fusion-faq-post fusion-faq-post-2486 \"><span class=\"entry-title rich-snippet-hidden\">\u00bfD\u00f3nde puedo instalar estas luces?<\/span><span class=\"vcard rich-snippet-hidden\"><span class=\"fn\"><a href=\"https:\/\/nadair.com\/recessed-slim-lights\/es\/author\/suzanne\/\" title=\"Entradas de suzanne\" rel=\"author\">suzanne<\/a><\/span><\/span><span class=\"updated rich-snippet-hidden\">2020-10-23T16:25:27+00:00<\/span><div class=\"panel-heading\"><h4 id=\"faq_1-2486\" class=\"panel-title toggle\"><a data-toggle=\"collapse\" class=\"collapsed\" data-parent=\"#accordian-1\" data-target=\"#collapse-1-2486\" href=\"#collapse-1-2486\" aria-expanded=\"false\"><div class=\"fusion-toggle-icon-wrapper\"><div class=\"fusion-toggle-icon-wrapper-main\"><div class=\"fusion-toggle-icon-wrapper-sub\"><i class=\"fa-fusion-box active-icon awb-icon-minus\" aria-hidden=\"true\"><\/i><i class=\"fa-fusion-box inactive-icon awb-icon-plus\" aria-hidden=\"true\"><\/i><\/div><\/div><\/div><div class=\"fusion-toggle-heading\">\u00bfD\u00f3nde puedo instalar estas luces?<\/div><\/a><\/h4><\/div><div id=\"collapse-1-2486\" aria-labelledby=\"faq_1-2486\" class=\"panel-collapse collapse\"><div class=\"panel-body toggle-content post-content\"><p>Las puede instalar en todas partes:<\/p>\n<p>En interiores, en exteriores, en la ducha, en sofitos, incluso en espacios estrechos donde solamente se necesitan espacios de 1 pulgada.<\/p>\n<\/div><\/div><\/div><div class=\"fusion-panel panel-default fusion-faq-post fusion-faq-post-2487 \"><span class=\"entry-title rich-snippet-hidden\">\u00bfEst\u00e1 la caja de empalmes montada en la unidad?<\/span><span class=\"vcard rich-snippet-hidden\"><span class=\"fn\"><a href=\"https:\/\/nadair.com\/recessed-slim-lights\/es\/author\/suzanne\/\" title=\"Entradas de suzanne\" rel=\"author\">suzanne<\/a><\/span><\/span><span class=\"updated rich-snippet-hidden\">2020-10-23T16:25:27+00:00<\/span><div class=\"panel-heading\"><h4 id=\"faq_1-2487\" class=\"panel-title toggle\"><a data-toggle=\"collapse\" class=\"collapsed\" data-parent=\"#accordian-1\" data-target=\"#collapse-1-2487\" href=\"#collapse-1-2487\" aria-expanded=\"false\"><div class=\"fusion-toggle-icon-wrapper\"><div class=\"fusion-toggle-icon-wrapper-main\"><div class=\"fusion-toggle-icon-wrapper-sub\"><i class=\"fa-fusion-box active-icon awb-icon-minus\" aria-hidden=\"true\"><\/i><i class=\"fa-fusion-box inactive-icon awb-icon-plus\" aria-hidden=\"true\"><\/i><\/div><\/div><\/div><div class=\"fusion-toggle-heading\">\u00bfEst\u00e1 la caja de empalmes montada en la unidad?<\/div><\/a><\/h4><\/div><div id=\"collapse-1-2487\" aria-labelledby=\"faq_1-2487\" class=\"panel-collapse collapse\"><div class=\"panel-body toggle-content post-content\"><p>No, tienen cajas de empalmes independientes.<\/p>\n<p class=\"a-size-small\">Est\u00e1n dise\u00f1adas para colocarse donde sea conveniente, as\u00ed que puede hacer que encaje en casi cualquier lugar.<\/p>\n<p class=\"a-size-small\">Su dise\u00f1o grande la hace f\u00e1cil de utilizar.<\/p>\n<p>&nbsp;<\/p>\n<\/div><\/div><\/div><div class=\"fusion-panel panel-default fusion-faq-post fusion-faq-post-2488 \"><span class=\"entry-title rich-snippet-hidden\">\u00bfQu\u00e9 voltaje puede utilizarse?<\/span><span class=\"vcard rich-snippet-hidden\"><span class=\"fn\"><a href=\"https:\/\/nadair.com\/recessed-slim-lights\/es\/author\/suzanne\/\" title=\"Entradas de suzanne\" rel=\"author\">suzanne<\/a><\/span><\/span><span class=\"updated rich-snippet-hidden\">2020-10-23T16:25:27+00:00<\/span><div class=\"panel-heading\"><h4 id=\"faq_1-2488\" class=\"panel-title toggle\"><a data-toggle=\"collapse\" class=\"collapsed\" data-parent=\"#accordian-1\" data-target=\"#collapse-1-2488\" href=\"#collapse-1-2488\" aria-expanded=\"false\"><div class=\"fusion-toggle-icon-wrapper\"><div class=\"fusion-toggle-icon-wrapper-main\"><div class=\"fusion-toggle-icon-wrapper-sub\"><i class=\"fa-fusion-box active-icon awb-icon-minus\" aria-hidden=\"true\"><\/i><i class=\"fa-fusion-box inactive-icon awb-icon-plus\" aria-hidden=\"true\"><\/i><\/div><\/div><\/div><div class=\"fusion-toggle-heading\">\u00bfQu\u00e9 voltaje puede utilizarse?<\/div><\/a><\/h4><\/div><div id=\"collapse-1-2488\" aria-labelledby=\"faq_1-2488\" class=\"panel-collapse collapse\"><div class=\"panel-body toggle-content post-content\"><p>Se tiene que utilizar con 110-120 V<\/p>\n<\/div><\/div><\/div><div class=\"fusion-panel panel-default fusion-faq-post fusion-faq-post-2312 \"><span class=\"entry-title rich-snippet-hidden\">\u00bfCu\u00e1l es el \u00e1ngulo del haz?<\/span><span class=\"vcard rich-snippet-hidden\"><span class=\"fn\"><a href=\"https:\/\/nadair.com\/recessed-slim-lights\/es\/author\/suzanne\/\" title=\"Entradas de suzanne\" rel=\"author\">suzanne<\/a><\/span><\/span><span class=\"updated rich-snippet-hidden\">2020-10-23T16:22:26+00:00<\/span><div class=\"panel-heading\"><h4 id=\"faq_1-2312\" class=\"panel-title toggle\"><a data-toggle=\"collapse\" class=\"collapsed\" data-parent=\"#accordian-1\" data-target=\"#collapse-1-2312\" href=\"#collapse-1-2312\" aria-expanded=\"false\"><div class=\"fusion-toggle-icon-wrapper\"><div class=\"fusion-toggle-icon-wrapper-main\"><div class=\"fusion-toggle-icon-wrapper-sub\"><i class=\"fa-fusion-box active-icon awb-icon-minus\" aria-hidden=\"true\"><\/i><i class=\"fa-fusion-box inactive-icon awb-icon-plus\" aria-hidden=\"true\"><\/i><\/div><\/div><\/div><div class=\"fusion-toggle-heading\">\u00bfCu\u00e1l es el \u00e1ngulo del haz?<\/div><\/a><\/h4><\/div><div id=\"collapse-1-2312\" aria-labelledby=\"faq_1-2312\" class=\"panel-collapse collapse\"><div class=\"panel-body toggle-content post-content\"><p>La anchura del haz de estas luces es de 100 grados.<\/p>\n<\/div><\/div><\/div><div class=\"fusion-panel panel-default fusion-faq-post fusion-faq-post-2313 \"><span class=\"entry-title rich-snippet-hidden\">\u00bfCu\u00e1les son los tama\u00f1os de los agujeros?<\/span><span class=\"vcard rich-snippet-hidden\"><span class=\"fn\"><a href=\"https:\/\/nadair.com\/recessed-slim-lights\/es\/author\/suzanne\/\" title=\"Entradas de suzanne\" rel=\"author\">suzanne<\/a><\/span><\/span><span class=\"updated rich-snippet-hidden\">2020-10-23T16:22:26+00:00<\/span><div class=\"panel-heading\"><h4 id=\"faq_1-2313\" class=\"panel-title toggle\"><a data-toggle=\"collapse\" class=\"collapsed\" data-parent=\"#accordian-1\" data-target=\"#collapse-1-2313\" href=\"#collapse-1-2313\" aria-expanded=\"false\"><div class=\"fusion-toggle-icon-wrapper\"><div class=\"fusion-toggle-icon-wrapper-main\"><div class=\"fusion-toggle-icon-wrapper-sub\"><i class=\"fa-fusion-box active-icon awb-icon-minus\" aria-hidden=\"true\"><\/i><i class=\"fa-fusion-box inactive-icon awb-icon-plus\" aria-hidden=\"true\"><\/i><\/div><\/div><\/div><div class=\"fusion-toggle-heading\">\u00bfCu\u00e1les son los tama\u00f1os de los agujeros?<\/div><\/a><\/h4><\/div><div id=\"collapse-1-2313\" aria-labelledby=\"faq_1-2313\" class=\"panel-collapse collapse\"><div class=\"panel-body toggle-content post-content\"><p>3 pulgadas &#8211; 3\u00bb<\/p>\n<p>4 pulgadas (redonda y cuadrada) &#8211; 4 1\/4\u00bb<\/p>\n<p>6 pulgadas Redonda &#8211; 6\u00bb<\/p>\n<p>6 pulgadas Cuadrada &#8211; 6 1\/4\u00bb<\/p>\n<\/div><\/div><\/div><div class=\"fusion-panel panel-default fusion-faq-post fusion-faq-post-2314 \"><span class=\"entry-title rich-snippet-hidden\">\u00bfTengo que tener techo aislado?<\/span><span class=\"vcard rich-snippet-hidden\"><span class=\"fn\"><a href=\"https:\/\/nadair.com\/recessed-slim-lights\/es\/author\/suzanne\/\" title=\"Entradas de suzanne\" rel=\"author\">suzanne<\/a><\/span><\/span><span class=\"updated rich-snippet-hidden\">2020-10-23T16:22:26+00:00<\/span><div class=\"panel-heading\"><h4 id=\"faq_1-2314\" class=\"panel-title toggle\"><a data-toggle=\"collapse\" class=\"collapsed\" data-parent=\"#accordian-1\" data-target=\"#collapse-1-2314\" href=\"#collapse-1-2314\" aria-expanded=\"false\"><div class=\"fusion-toggle-icon-wrapper\"><div class=\"fusion-toggle-icon-wrapper-main\"><div class=\"fusion-toggle-icon-wrapper-sub\"><i class=\"fa-fusion-box active-icon awb-icon-minus\" aria-hidden=\"true\"><\/i><i class=\"fa-fusion-box inactive-icon awb-icon-plus\" aria-hidden=\"true\"><\/i><\/div><\/div><\/div><div class=\"fusion-toggle-heading\">\u00bfTengo que tener techo aislado?<\/div><\/a><\/h4><\/div><div id=\"collapse-1-2314\" aria-labelledby=\"faq_1-2314\" class=\"panel-collapse collapse\"><div class=\"panel-body toggle-content post-content\"><p>No, estas luces est\u00e1n dise\u00f1adas para instalarse en techos aislados y no aislados.<\/p>\n<\/div><\/div><\/div><div class=\"fusion-panel panel-default fusion-faq-post fusion-faq-post-2315 \"><span class=\"entry-title rich-snippet-hidden\">\u00bfCu\u00e1l es la duraci\u00f3n de la bombilla?<\/span><span class=\"vcard rich-snippet-hidden\"><span class=\"fn\"><a href=\"https:\/\/nadair.com\/recessed-slim-lights\/es\/author\/suzanne\/\" title=\"Entradas de suzanne\" rel=\"author\">suzanne<\/a><\/span><\/span><span class=\"updated rich-snippet-hidden\">2020-10-23T16:22:26+00:00<\/span><div class=\"panel-heading\"><h4 id=\"faq_1-2315\" class=\"panel-title toggle\"><a data-toggle=\"collapse\" class=\"collapsed\" data-parent=\"#accordian-1\" data-target=\"#collapse-1-2315\" href=\"#collapse-1-2315\" aria-expanded=\"false\"><div class=\"fusion-toggle-icon-wrapper\"><div class=\"fusion-toggle-icon-wrapper-main\"><div class=\"fusion-toggle-icon-wrapper-sub\"><i class=\"fa-fusion-box active-icon awb-icon-minus\" aria-hidden=\"true\"><\/i><i class=\"fa-fusion-box inactive-icon awb-icon-plus\" aria-hidden=\"true\"><\/i><\/div><\/div><\/div><div class=\"fusion-toggle-heading\">\u00bfCu\u00e1l es la duraci\u00f3n de la bombilla?<\/div><\/a><\/h4><\/div><div id=\"collapse-1-2315\" aria-labelledby=\"faq_1-2315\" class=\"panel-collapse collapse\"><div class=\"panel-body toggle-content post-content\"><p>La bombilla dura hasta 5000 horas.<\/p>\n<\/div><\/div><\/div><div class=\"fusion-panel panel-default fusion-faq-post fusion-faq-post-2316 \"><span class=\"entry-title rich-snippet-hidden\">\u00bfSon regulables estas luces?<\/span><span class=\"vcard rich-snippet-hidden\"><span class=\"fn\"><a href=\"https:\/\/nadair.com\/recessed-slim-lights\/es\/author\/suzanne\/\" title=\"Entradas de suzanne\" rel=\"author\">suzanne<\/a><\/span><\/span><span class=\"updated rich-snippet-hidden\">2020-10-23T16:22:26+00:00<\/span><div class=\"panel-heading\"><h4 id=\"faq_1-2316\" class=\"panel-title toggle\"><a data-toggle=\"collapse\" class=\"collapsed\" data-parent=\"#accordian-1\" data-target=\"#collapse-1-2316\" href=\"#collapse-1-2316\" aria-expanded=\"false\"><div class=\"fusion-toggle-icon-wrapper\"><div class=\"fusion-toggle-icon-wrapper-main\"><div class=\"fusion-toggle-icon-wrapper-sub\"><i class=\"fa-fusion-box active-icon awb-icon-minus\" aria-hidden=\"true\"><\/i><i class=\"fa-fusion-box inactive-icon awb-icon-plus\" aria-hidden=\"true\"><\/i><\/div><\/div><\/div><div class=\"fusion-toggle-heading\">\u00bfSon regulables estas luces?<\/div><\/a><\/h4><\/div><div id=\"collapse-1-2316\" aria-labelledby=\"faq_1-2316\" class=\"panel-collapse collapse\"><div class=\"panel-body toggle-content post-content\"><p>S\u00ed, <span class=\"a-list-item\">nuestros accesorios de iluminaci\u00f3n funcionan perfectamente con una amplia gama de reguladores que le permiten ahorrar energ\u00eda, prolongar la duraci\u00f3n de la bombilla y ajustar las distintas actividades y programar fluctuaciones en cada cada individual.<\/span><\/p>\n<p>&nbsp;<\/p>\n<p>Para saber si su regulador es compatible, consulte la lista de reguladores en la p\u00e1gina de productos.<\/p>\n<\/div><\/div><\/div><\/div><\/div><\/div><\/div><div class=\"fusion-clearfix\"><\/div><\/div><\/div><\/div><\/div>\n","protected":false},"excerpt":{"rendered":"","protected":false},"author":3,"featured_media":0,"parent":0,"menu_order":0,"comment_status":"closed","ping_status":"closed","template":"","meta":{"_acf_changed":false,"footnotes":""},"class_list":["post-2358","page","type-page","status-publish","hentry"],"acf":[],"yoast_head":"<!-- This site is optimized with the Yoast SEO plugin v26.6 - https:\/\/yoast.com\/wordpress\/plugins\/seo\/ -->\n<title>Preguntas Frecuentes | Nadair - Recessed Slim Lights<\/title>\n<meta name=\"robots\" content=\"index, follow, max-snippet:-1, max-image-preview:large, max-video-preview:-1\" \/>\n<link rel=\"canonical\" href=\"https:\/\/nadair.com\/recessed-slim-lights\/es\/preguntas-frecuentes\/\" \/>\n<meta property=\"og:locale\" content=\"es_ES\" \/>\n<meta property=\"og:type\" content=\"article\" \/>\n<meta property=\"og:title\" content=\"Preguntas Frecuentes | Nadair - Recessed Slim Lights\" \/>\n<meta property=\"og:url\" content=\"https:\/\/nadair.com\/recessed-slim-lights\/es\/preguntas-frecuentes\/\" \/>\n<meta property=\"og:site_name\" content=\"Nadair - Recessed Slim Lights\" \/>\n<meta property=\"article:publisher\" content=\"https:\/\/www.facebook.com\/nadairint\/\" \/>\n<meta name=\"twitter:card\" content=\"summary_large_image\" \/>\n<meta name=\"twitter:label1\" content=\"Tiempo de lectura\" \/>\n\t<meta name=\"twitter:data1\" content=\"1 minuto\" \/>\n<script type=\"application\/ld+json\" class=\"yoast-schema-graph\">{\"@context\":\"https:\/\/schema.org\",\"@graph\":[{\"@type\":\"WebPage\",\"@id\":\"https:\/\/nadair.com\/recessed-slim-lights\/es\/preguntas-frecuentes\/\",\"url\":\"https:\/\/nadair.com\/recessed-slim-lights\/es\/preguntas-frecuentes\/\",\"name\":\"Preguntas Frecuentes | Nadair - Recessed Slim Lights\",\"isPartOf\":{\"@id\":\"https:\/\/nadair.com\/recessed-slim-lights\/#website\"},\"datePublished\":\"2020-10-23T16:24:45+00:00\",\"breadcrumb\":{\"@id\":\"https:\/\/nadair.com\/recessed-slim-lights\/es\/preguntas-frecuentes\/#breadcrumb\"},\"inLanguage\":\"es\",\"potentialAction\":[{\"@type\":\"ReadAction\",\"target\":[\"https:\/\/nadair.com\/recessed-slim-lights\/es\/preguntas-frecuentes\/\"]}]},{\"@type\":\"BreadcrumbList\",\"@id\":\"https:\/\/nadair.com\/recessed-slim-lights\/es\/preguntas-frecuentes\/#breadcrumb\",\"itemListElement\":[{\"@type\":\"ListItem\",\"position\":1,\"name\":\"Home\",\"item\":\"https:\/\/nadair.com\/recessed-slim-lights\/es\/\"},{\"@type\":\"ListItem\",\"position\":2,\"name\":\"Preguntas Frecuentes\"}]},{\"@type\":\"WebSite\",\"@id\":\"https:\/\/nadair.com\/recessed-slim-lights\/#website\",\"url\":\"https:\/\/nadair.com\/recessed-slim-lights\/\",\"name\":\"Nadair - Recessed Slim Lights\",\"description\":\"\",\"publisher\":{\"@id\":\"https:\/\/nadair.com\/recessed-slim-lights\/#organization\"},\"potentialAction\":[{\"@type\":\"SearchAction\",\"target\":{\"@type\":\"EntryPoint\",\"urlTemplate\":\"https:\/\/nadair.com\/recessed-slim-lights\/?s={search_term_string}\"},\"query-input\":{\"@type\":\"PropertyValueSpecification\",\"valueRequired\":true,\"valueName\":\"search_term_string\"}}],\"inLanguage\":\"es\"},{\"@type\":\"Organization\",\"@id\":\"https:\/\/nadair.com\/recessed-slim-lights\/#organization\",\"name\":\"Nadair\",\"url\":\"https:\/\/nadair.com\/recessed-slim-lights\/\",\"logo\":{\"@type\":\"ImageObject\",\"inLanguage\":\"es\",\"@id\":\"https:\/\/nadair.com\/recessed-slim-lights\/#\/schema\/logo\/image\/\",\"url\":\"https:\/\/nadair.com\/recessed-slim-lights\/wp-content\/uploads\/sites\/4\/2018\/09\/logo.png\",\"contentUrl\":\"https:\/\/nadair.com\/recessed-slim-lights\/wp-content\/uploads\/sites\/4\/2018\/09\/logo.png\",\"width\":161,\"height\":59,\"caption\":\"Nadair\"},\"image\":{\"@id\":\"https:\/\/nadair.com\/recessed-slim-lights\/#\/schema\/logo\/image\/\"},\"sameAs\":[\"https:\/\/www.facebook.com\/nadairint\/\"]}]}<\/script>\n<!-- \/ Yoast SEO plugin. -->","yoast_head_json":{"title":"Preguntas Frecuentes | Nadair - Recessed Slim Lights","robots":{"index":"index","follow":"follow","max-snippet":"max-snippet:-1","max-image-preview":"max-image-preview:large","max-video-preview":"max-video-preview:-1"},"canonical":"https:\/\/nadair.com\/recessed-slim-lights\/es\/preguntas-frecuentes\/","og_locale":"es_ES","og_type":"article","og_title":"Preguntas Frecuentes | Nadair - Recessed Slim Lights","og_url":"https:\/\/nadair.com\/recessed-slim-lights\/es\/preguntas-frecuentes\/","og_site_name":"Nadair - Recessed Slim Lights","article_publisher":"https:\/\/www.facebook.com\/nadairint\/","twitter_card":"summary_large_image","twitter_misc":{"Tiempo de lectura":"1 minuto"},"schema":{"@context":"https:\/\/schema.org","@graph":[{"@type":"WebPage","@id":"https:\/\/nadair.com\/recessed-slim-lights\/es\/preguntas-frecuentes\/","url":"https:\/\/nadair.com\/recessed-slim-lights\/es\/preguntas-frecuentes\/","name":"Preguntas Frecuentes | Nadair - Recessed Slim Lights","isPartOf":{"@id":"https:\/\/nadair.com\/recessed-slim-lights\/#website"},"datePublished":"2020-10-23T16:24:45+00:00","breadcrumb":{"@id":"https:\/\/nadair.com\/recessed-slim-lights\/es\/preguntas-frecuentes\/#breadcrumb"},"inLanguage":"es","potentialAction":[{"@type":"ReadAction","target":["https:\/\/nadair.com\/recessed-slim-lights\/es\/preguntas-frecuentes\/"]}]},{"@type":"BreadcrumbList","@id":"https:\/\/nadair.com\/recessed-slim-lights\/es\/preguntas-frecuentes\/#breadcrumb","itemListElement":[{"@type":"ListItem","position":1,"name":"Home","item":"https:\/\/nadair.com\/recessed-slim-lights\/es\/"},{"@type":"ListItem","position":2,"name":"Preguntas Frecuentes"}]},{"@type":"WebSite","@id":"https:\/\/nadair.com\/recessed-slim-lights\/#website","url":"https:\/\/nadair.com\/recessed-slim-lights\/","name":"Nadair - Recessed Slim Lights","description":"","publisher":{"@id":"https:\/\/nadair.com\/recessed-slim-lights\/#organization"},"potentialAction":[{"@type":"SearchAction","target":{"@type":"EntryPoint","urlTemplate":"https:\/\/nadair.com\/recessed-slim-lights\/?s={search_term_string}"},"query-input":{"@type":"PropertyValueSpecification","valueRequired":true,"valueName":"search_term_string"}}],"inLanguage":"es"},{"@type":"Organization","@id":"https:\/\/nadair.com\/recessed-slim-lights\/#organization","name":"Nadair","url":"https:\/\/nadair.com\/recessed-slim-lights\/","logo":{"@type":"ImageObject","inLanguage":"es","@id":"https:\/\/nadair.com\/recessed-slim-lights\/#\/schema\/logo\/image\/","url":"https:\/\/nadair.com\/recessed-slim-lights\/wp-content\/uploads\/sites\/4\/2018\/09\/logo.png","contentUrl":"https:\/\/nadair.com\/recessed-slim-lights\/wp-content\/uploads\/sites\/4\/2018\/09\/logo.png","width":161,"height":59,"caption":"Nadair"},"image":{"@id":"https:\/\/nadair.com\/recessed-slim-lights\/#\/schema\/logo\/image\/"},"sameAs":["https:\/\/www.facebook.com\/nadairint\/"]}]}},"jetpack_sharing_enabled":true,"_links":{"self":[{"href":"https:\/\/nadair.com\/recessed-slim-lights\/es\/wp-json\/wp\/v2\/pages\/2358","targetHints":{"allow":["GET"]}}],"collection":[{"href":"https:\/\/nadair.com\/recessed-slim-lights\/es\/wp-json\/wp\/v2\/pages"}],"about":[{"href":"https:\/\/nadair.com\/recessed-slim-lights\/es\/wp-json\/wp\/v2\/types\/page"}],"author":[{"embeddable":true,"href":"https:\/\/nadair.com\/recessed-slim-lights\/es\/wp-json\/wp\/v2\/users\/3"}],"replies":[{"embeddable":true,"href":"https:\/\/nadair.com\/recessed-slim-lights\/es\/wp-json\/wp\/v2\/comments?post=2358"}],"version-history":[{"count":1,"href":"https:\/\/nadair.com\/recessed-slim-lights\/es\/wp-json\/wp\/v2\/pages\/2358\/revisions"}],"predecessor-version":[{"id":2359,"href":"https:\/\/nadair.com\/recessed-slim-lights\/es\/wp-json\/wp\/v2\/pages\/2358\/revisions\/2359"}],"wp:attachment":[{"href":"https:\/\/nadair.com\/recessed-slim-lights\/es\/wp-json\/wp\/v2\/media?parent=2358"}],"curies":[{"name":"wp","href":"https:\/\/api.w.org\/{rel}","templated":true}]}}