{"id":1195,"date":"2020-10-23T16:06:45","date_gmt":"2020-10-23T16:06:45","guid":{"rendered":"https:\/\/nadair.com\/recessed\/preguntas-frecuentes\/"},"modified":"2020-10-23T16:06:46","modified_gmt":"2020-10-23T16:06:46","slug":"preguntas-frecuentes","status":"publish","type":"page","link":"https:\/\/nadair.com\/recessed\/es\/preguntas-frecuentes\/","title":{"rendered":"Preguntas Frecuentes"},"content":{"rendered":"<div class=\"fusion-fullwidth fullwidth-box fusion-builder-row-1 nonhundred-percent-fullwidth non-hundred-percent-height-scrolling\" style=\"--awb-border-radius-top-left:0px;--awb-border-radius-top-right:0px;--awb-border-radius-bottom-right:0px;--awb-border-radius-bottom-left:0px;--awb-flex-wrap:wrap;\" ><div class=\"fusion-builder-row fusion-row\"><div class=\"fusion-layout-column fusion_builder_column fusion-builder-column-0 fusion_builder_column_1_1 1_1 fusion-one-full fusion-column-first fusion-column-last\" style=\"--awb-bg-size:cover;\"><div class=\"fusion-column-wrapper fusion-flex-column-wrapper-legacy\"><style type=\"text\/css\">.fusion-faqs-wrapper #accordian-1 .fusion-panel { border-color:#e0dede; }.fusion-faqs-wrapper #accordian-1 .fusion-panel:hover{ border-color: #e0dede; }.fusion-accordian #accordian-1 .panel-title a .fa-fusion-box:before{ font-size: 13px;width: 13px;}.fusion-accordian #accordian-1 .panel-title a .fa-fusion-box{ color: #ffffff;}.fusion-accordian  #accordian-1 .panel-title a{font-family:Arial, Helvetica, sans-serif;font-style:normal;font-weight:400;}.fusion-accordian  #accordian-1 .panel-title a:not(:hover){}.fusion-accordian  #accordian-1 .toggle-content{font-family:Arial, Helvetica, sans-serif;font-style:normal;font-weight:400;}.fusion-accordian #accordian-1 .fa-fusion-box { background-color: #333333 !important;border-color: #333333 !important;}.fusion-accordian #accordian-1 .panel-title a:hover,.fusion-accordian #accordian-1 .panel-title a.hover { color: #ffffff;}.fusion-faq-shortcode .fusion-accordian #accordian-1 .fusion-toggle-boxed-mode:hover .panel-title a { color: #ffffff;}.fusion-accordian #accordian-1 .panel-title .active .fa-fusion-box,.fusion-accordian #accordian-1 .panel-title a:hover .fa-fusion-box,.fusion-accordian #accordian-1 .panel-title a.hover .fa-fusion-box { background-color: #ffffff!important;border-color: #ffffff!important;}<\/style><div class=\"fusion-faq-shortcode\" style=\"\"><div class=\"fusion-faqs-wrapper\"><div class=\"accordian fusion-accordian\"><div class=\"panel-group \" id=\"accordian-1\"><div class=\"fusion-panel panel-default fusion-faq-post fusion-faq-post-1204 \"><span class=\"entry-title rich-snippet-hidden\">\u00bfEn qu\u00e9 tipo de techo puedo instalar estas luces?<\/span><span class=\"vcard rich-snippet-hidden\"><span class=\"fn\"><a href=\"https:\/\/nadair.com\/recessed\/es\/author\/suzanne\/\" title=\"Entradas de suzanne\" rel=\"author\">suzanne<\/a><\/span><\/span><span class=\"updated rich-snippet-hidden\">2020-10-23T16:08:20+00:00<\/span><div class=\"panel-heading\"><h4 id=\"faq_1-1204\" class=\"panel-title toggle\"><a data-toggle=\"collapse\" class=\"collapsed\" data-parent=\"#accordian-1\" data-target=\"#collapse-1-1204\" href=\"#collapse-1-1204\" aria-expanded=\"false\"><div class=\"fusion-toggle-icon-wrapper\"><div class=\"fusion-toggle-icon-wrapper-main\"><div class=\"fusion-toggle-icon-wrapper-sub\"><i class=\"fa-fusion-box active-icon awb-icon-minus\" aria-hidden=\"true\"><\/i><i class=\"fa-fusion-box inactive-icon awb-icon-plus\" aria-hidden=\"true\"><\/i><\/div><\/div><\/div><div class=\"fusion-toggle-heading\">\u00bfEn qu\u00e9 tipo de techo puedo instalar estas luces?<\/div><\/a><\/h4><\/div><div id=\"collapse-1-1204\" aria-labelledby=\"faq_1-1204\" class=\"panel-collapse collapse\"><div class=\"panel-body toggle-content post-content\"><p>Las luces empotradas tradicionales est\u00e1n dise\u00f1adas para acoplarse perfectamente en techos est\u00e1ndares de 6\u00bb. La altura m\u00e1xima de nuestras unidades es de 4 1\/2\u00bb.<\/p>\n<p>&nbsp;<\/p>\n<p>&nbsp;<\/p>\n<\/div><\/div><\/div><div class=\"fusion-panel panel-default fusion-faq-post fusion-faq-post-1203 \"><span class=\"entry-title rich-snippet-hidden\">\u00bfTienen estas luces protecci\u00f3n contra incendios?<\/span><span class=\"vcard rich-snippet-hidden\"><span class=\"fn\"><a href=\"https:\/\/nadair.com\/recessed\/es\/author\/suzanne\/\" title=\"Entradas de suzanne\" rel=\"author\">suzanne<\/a><\/span><\/span><span class=\"updated rich-snippet-hidden\">2020-10-23T16:08:12+00:00<\/span><div class=\"panel-heading\"><h4 id=\"faq_1-1203\" class=\"panel-title toggle\"><a data-toggle=\"collapse\" class=\"collapsed\" data-parent=\"#accordian-1\" data-target=\"#collapse-1-1203\" href=\"#collapse-1-1203\" aria-expanded=\"false\"><div class=\"fusion-toggle-icon-wrapper\"><div class=\"fusion-toggle-icon-wrapper-main\"><div class=\"fusion-toggle-icon-wrapper-sub\"><i class=\"fa-fusion-box active-icon awb-icon-minus\" aria-hidden=\"true\"><\/i><i class=\"fa-fusion-box inactive-icon awb-icon-plus\" aria-hidden=\"true\"><\/i><\/div><\/div><\/div><div class=\"fusion-toggle-heading\">\u00bfTienen estas luces protecci\u00f3n contra incendios?<\/div><\/a><\/h4><\/div><div id=\"collapse-1-1203\" aria-labelledby=\"faq_1-1203\" class=\"panel-collapse collapse\"><div class=\"panel-body toggle-content post-content\"><p>S\u00ed, estas luces est\u00e1n equipadas con protecci\u00f3n para sobrecalentamientos con corte t\u00e9rmico autom\u00e1tico para prevenir el riesgo de incendio cuando se sobrecalientan.<\/p>\n<\/div><\/div><\/div><div class=\"fusion-panel panel-default fusion-faq-post fusion-faq-post-1202 \"><span class=\"entry-title rich-snippet-hidden\">\u00bfNecesito un regulador nuevo o puedo utilizar el que ya tengo?<\/span><span class=\"vcard rich-snippet-hidden\"><span class=\"fn\"><a href=\"https:\/\/nadair.com\/recessed\/es\/author\/suzanne\/\" title=\"Entradas de suzanne\" rel=\"author\">suzanne<\/a><\/span><\/span><span class=\"updated rich-snippet-hidden\">2020-10-23T16:08:04+00:00<\/span><div class=\"panel-heading\"><h4 id=\"faq_1-1202\" class=\"panel-title toggle\"><a data-toggle=\"collapse\" class=\"collapsed\" data-parent=\"#accordian-1\" data-target=\"#collapse-1-1202\" href=\"#collapse-1-1202\" aria-expanded=\"false\"><div class=\"fusion-toggle-icon-wrapper\"><div class=\"fusion-toggle-icon-wrapper-main\"><div class=\"fusion-toggle-icon-wrapper-sub\"><i class=\"fa-fusion-box active-icon awb-icon-minus\" aria-hidden=\"true\"><\/i><i class=\"fa-fusion-box inactive-icon awb-icon-plus\" aria-hidden=\"true\"><\/i><\/div><\/div><\/div><div class=\"fusion-toggle-heading\">\u00bfNecesito un regulador nuevo o puedo utilizar el que ya tengo?<\/div><\/a><\/h4><\/div><div id=\"collapse-1-1202\" aria-labelledby=\"faq_1-1202\" class=\"panel-collapse collapse\"><div class=\"panel-body toggle-content post-content\"><p>Puede conservar el que tiene. Nuestras luces son compatibles con el regulador existente. Para ver la compatibilidad de la lista de reguladores, consulte la lista de reguladores compatibles de la p\u00e1gina de productos.<\/p>\n<p>&nbsp;<\/p>\n<\/div><\/div><\/div><div class=\"fusion-panel panel-default fusion-faq-post fusion-faq-post-1201 \"><span class=\"entry-title rich-snippet-hidden\">\u00bfPuedo instalar estas luces en un techo no aislado?<\/span><span class=\"vcard rich-snippet-hidden\"><span class=\"fn\"><a href=\"https:\/\/nadair.com\/recessed\/es\/author\/suzanne\/\" title=\"Entradas de suzanne\" rel=\"author\">suzanne<\/a><\/span><\/span><span class=\"updated rich-snippet-hidden\">2020-10-23T16:07:52+00:00<\/span><div class=\"panel-heading\"><h4 id=\"faq_1-1201\" class=\"panel-title toggle\"><a data-toggle=\"collapse\" class=\"collapsed\" data-parent=\"#accordian-1\" data-target=\"#collapse-1-1201\" href=\"#collapse-1-1201\" aria-expanded=\"false\"><div class=\"fusion-toggle-icon-wrapper\"><div class=\"fusion-toggle-icon-wrapper-main\"><div class=\"fusion-toggle-icon-wrapper-sub\"><i class=\"fa-fusion-box active-icon awb-icon-minus\" aria-hidden=\"true\"><\/i><i class=\"fa-fusion-box inactive-icon awb-icon-plus\" aria-hidden=\"true\"><\/i><\/div><\/div><\/div><div class=\"fusion-toggle-heading\">\u00bfPuedo instalar estas luces en un techo no aislado?<\/div><\/a><\/h4><\/div><div id=\"collapse-1-1201\" aria-labelledby=\"faq_1-1201\" class=\"panel-collapse collapse\"><div class=\"panel-body toggle-content post-content\"><p>S\u00ed, est\u00e1n hechas para instalarse en techos no aislados o aislados.<\/p>\n<p>&nbsp;<\/p>\n<p>&nbsp;<\/p>\n<\/div><\/div><\/div><div class=\"fusion-panel panel-default fusion-faq-post fusion-faq-post-1200 \"><span class=\"entry-title rich-snippet-hidden\">\u00bfCu\u00e1l es el \u00e1ngulo de giro?<\/span><span class=\"vcard rich-snippet-hidden\"><span class=\"fn\"><a href=\"https:\/\/nadair.com\/recessed\/es\/author\/suzanne\/\" title=\"Entradas de suzanne\" rel=\"author\">suzanne<\/a><\/span><\/span><span class=\"updated rich-snippet-hidden\">2020-10-23T16:07:43+00:00<\/span><div class=\"panel-heading\"><h4 id=\"faq_1-1200\" class=\"panel-title toggle\"><a data-toggle=\"collapse\" class=\"collapsed\" data-parent=\"#accordian-1\" data-target=\"#collapse-1-1200\" href=\"#collapse-1-1200\" aria-expanded=\"false\"><div class=\"fusion-toggle-icon-wrapper\"><div class=\"fusion-toggle-icon-wrapper-main\"><div class=\"fusion-toggle-icon-wrapper-sub\"><i class=\"fa-fusion-box active-icon awb-icon-minus\" aria-hidden=\"true\"><\/i><i class=\"fa-fusion-box inactive-icon awb-icon-plus\" aria-hidden=\"true\"><\/i><\/div><\/div><\/div><div class=\"fusion-toggle-heading\">\u00bfCu\u00e1l es el \u00e1ngulo de giro?<\/div><\/a><\/h4><\/div><div id=\"collapse-1-1200\" aria-labelledby=\"faq_1-1200\" class=\"panel-collapse collapse\"><div class=\"panel-body toggle-content post-content\"><p>Esta luz empotrada tradicional gira hasta 25 grados.<\/p>\n<\/div><\/div><\/div><div class=\"fusion-panel panel-default fusion-faq-post fusion-faq-post-1199 \"><span class=\"entry-title rich-snippet-hidden\">\u00bfCu\u00e1l es el \u00e1ngulo del haz?<\/span><span class=\"vcard rich-snippet-hidden\"><span class=\"fn\"><a href=\"https:\/\/nadair.com\/recessed\/es\/author\/suzanne\/\" title=\"Entradas de suzanne\" rel=\"author\">suzanne<\/a><\/span><\/span><span class=\"updated rich-snippet-hidden\">2020-10-23T16:07:34+00:00<\/span><div class=\"panel-heading\"><h4 id=\"faq_1-1199\" class=\"panel-title toggle\"><a data-toggle=\"collapse\" class=\"collapsed\" data-parent=\"#accordian-1\" data-target=\"#collapse-1-1199\" href=\"#collapse-1-1199\" aria-expanded=\"false\"><div class=\"fusion-toggle-icon-wrapper\"><div class=\"fusion-toggle-icon-wrapper-main\"><div class=\"fusion-toggle-icon-wrapper-sub\"><i class=\"fa-fusion-box active-icon awb-icon-minus\" aria-hidden=\"true\"><\/i><i class=\"fa-fusion-box inactive-icon awb-icon-plus\" aria-hidden=\"true\"><\/i><\/div><\/div><\/div><div class=\"fusion-toggle-heading\">\u00bfCu\u00e1l es el \u00e1ngulo del haz?<\/div><\/a><\/h4><\/div><div id=\"collapse-1-1199\" aria-labelledby=\"faq_1-1199\" class=\"panel-collapse collapse\"><div class=\"panel-body toggle-content post-content\"><p>El \u00e1ngulo del haz es de 40 grados<\/p>\n<\/div><\/div><\/div><div class=\"fusion-panel panel-default fusion-faq-post fusion-faq-post-1198 \"><span class=\"entry-title rich-snippet-hidden\">\u00bfSe sujeta esta en un techo de madera de 3\/4\u00bb?<\/span><span class=\"vcard rich-snippet-hidden\"><span class=\"fn\"><a href=\"https:\/\/nadair.com\/recessed\/es\/author\/suzanne\/\" title=\"Entradas de suzanne\" rel=\"author\">suzanne<\/a><\/span><\/span><span class=\"updated rich-snippet-hidden\">2020-10-23T16:07:25+00:00<\/span><div class=\"panel-heading\"><h4 id=\"faq_1-1198\" class=\"panel-title toggle\"><a data-toggle=\"collapse\" class=\"collapsed\" data-parent=\"#accordian-1\" data-target=\"#collapse-1-1198\" href=\"#collapse-1-1198\" aria-expanded=\"false\"><div class=\"fusion-toggle-icon-wrapper\"><div class=\"fusion-toggle-icon-wrapper-main\"><div class=\"fusion-toggle-icon-wrapper-sub\"><i class=\"fa-fusion-box active-icon awb-icon-minus\" aria-hidden=\"true\"><\/i><i class=\"fa-fusion-box inactive-icon awb-icon-plus\" aria-hidden=\"true\"><\/i><\/div><\/div><\/div><div class=\"fusion-toggle-heading\">\u00bfSe sujeta esta en un techo de madera de 3\/4\u00bb?<\/div><\/a><\/h4><\/div><div id=\"collapse-1-1198\" aria-labelledby=\"faq_1-1198\" class=\"panel-collapse collapse\"><div class=\"panel-body toggle-content post-content\"><p>S\u00ed, esta luz est\u00e1 hecha para sujetarse en hasta dos capas de placas de yeso.<\/p>\n<\/div><\/div><\/div><div class=\"fusion-panel panel-default fusion-faq-post fusion-faq-post-1197 \"><span class=\"entry-title rich-snippet-hidden\">\u00bfQu\u00e9 tama\u00f1o de sierra de calar se necesita para el corte?<\/span><span class=\"vcard rich-snippet-hidden\"><span class=\"fn\"><a href=\"https:\/\/nadair.com\/recessed\/es\/author\/suzanne\/\" title=\"Entradas de suzanne\" rel=\"author\">suzanne<\/a><\/span><\/span><span class=\"updated rich-snippet-hidden\">2020-10-23T16:07:02+00:00<\/span><div class=\"panel-heading\"><h4 id=\"faq_1-1197\" class=\"panel-title toggle\"><a data-toggle=\"collapse\" class=\"collapsed\" data-parent=\"#accordian-1\" data-target=\"#collapse-1-1197\" href=\"#collapse-1-1197\" aria-expanded=\"false\"><div class=\"fusion-toggle-icon-wrapper\"><div class=\"fusion-toggle-icon-wrapper-main\"><div class=\"fusion-toggle-icon-wrapper-sub\"><i class=\"fa-fusion-box active-icon awb-icon-minus\" aria-hidden=\"true\"><\/i><i class=\"fa-fusion-box inactive-icon awb-icon-plus\" aria-hidden=\"true\"><\/i><\/div><\/div><\/div><div class=\"fusion-toggle-heading\">\u00bfQu\u00e9 tama\u00f1o de sierra de calar se necesita para el corte?<\/div><\/a><\/h4><\/div><div id=\"collapse-1-1197\" aria-labelledby=\"faq_1-1197\" class=\"panel-collapse collapse\"><div class=\"panel-body toggle-content post-content\"><p>Para la de 3\u00bb,\u00a0 3 1\/4\u00bb<\/p>\n<p>Para la de 4\u00bb, 3 7\/8\u00bb<\/p>\n<p>Para la de 6&#8242;, 4 1\/2\u00bb<\/p>\n<\/div><\/div><\/div><\/div><\/div><\/div><\/div><div class=\"fusion-clearfix\"><\/div><\/div><\/div><\/div><\/div>\n","protected":false},"excerpt":{"rendered":"","protected":false},"author":3,"featured_media":0,"parent":0,"menu_order":0,"comment_status":"closed","ping_status":"closed","template":"","meta":{"_acf_changed":false,"footnotes":""},"class_list":["post-1195","page","type-page","status-publish","hentry"],"acf":[],"yoast_head":"<!-- This site is optimized with the Yoast SEO plugin v26.6 - https:\/\/yoast.com\/wordpress\/plugins\/seo\/ -->\n<title>Preguntas Frecuentes - Nadair - Recessed lights<\/title>\n<meta name=\"robots\" content=\"index, follow, max-snippet:-1, max-image-preview:large, max-video-preview:-1\" \/>\n<link rel=\"canonical\" href=\"https:\/\/nadair.com\/recessed\/es\/preguntas-frecuentes\/\" \/>\n<meta property=\"og:locale\" content=\"es_ES\" \/>\n<meta property=\"og:type\" content=\"article\" \/>\n<meta property=\"og:title\" content=\"Preguntas Frecuentes - Nadair - Recessed lights\" \/>\n<meta property=\"og:url\" content=\"https:\/\/nadair.com\/recessed\/es\/preguntas-frecuentes\/\" \/>\n<meta property=\"og:site_name\" content=\"Nadair - Recessed lights\" \/>\n<meta property=\"article:publisher\" content=\"https:\/\/www.facebook.com\/nadairint\/\" \/>\n<meta property=\"article:modified_time\" content=\"2020-10-23T16:06:46+00:00\" \/>\n<meta name=\"twitter:card\" content=\"summary_large_image\" \/>\n<meta name=\"twitter:label1\" content=\"Tiempo de lectura\" \/>\n\t<meta name=\"twitter:data1\" content=\"1 minuto\" \/>\n<script type=\"application\/ld+json\" class=\"yoast-schema-graph\">{\"@context\":\"https:\/\/schema.org\",\"@graph\":[{\"@type\":\"WebPage\",\"@id\":\"https:\/\/nadair.com\/recessed\/es\/preguntas-frecuentes\/\",\"url\":\"https:\/\/nadair.com\/recessed\/es\/preguntas-frecuentes\/\",\"name\":\"Preguntas Frecuentes - Nadair - Recessed lights\",\"isPartOf\":{\"@id\":\"https:\/\/nadair.com\/recessed\/#website\"},\"datePublished\":\"2020-10-23T16:06:45+00:00\",\"dateModified\":\"2020-10-23T16:06:46+00:00\",\"breadcrumb\":{\"@id\":\"https:\/\/nadair.com\/recessed\/es\/preguntas-frecuentes\/#breadcrumb\"},\"inLanguage\":\"es\",\"potentialAction\":[{\"@type\":\"ReadAction\",\"target\":[\"https:\/\/nadair.com\/recessed\/es\/preguntas-frecuentes\/\"]}]},{\"@type\":\"BreadcrumbList\",\"@id\":\"https:\/\/nadair.com\/recessed\/es\/preguntas-frecuentes\/#breadcrumb\",\"itemListElement\":[{\"@type\":\"ListItem\",\"position\":1,\"name\":\"Home\",\"item\":\"https:\/\/nadair.com\/recessed\/es\/\"},{\"@type\":\"ListItem\",\"position\":2,\"name\":\"Preguntas Frecuentes\"}]},{\"@type\":\"WebSite\",\"@id\":\"https:\/\/nadair.com\/recessed\/#website\",\"url\":\"https:\/\/nadair.com\/recessed\/\",\"name\":\"Nadair - Recessed lights\",\"description\":\"\",\"publisher\":{\"@id\":\"https:\/\/nadair.com\/recessed\/#organization\"},\"potentialAction\":[{\"@type\":\"SearchAction\",\"target\":{\"@type\":\"EntryPoint\",\"urlTemplate\":\"https:\/\/nadair.com\/recessed\/?s={search_term_string}\"},\"query-input\":{\"@type\":\"PropertyValueSpecification\",\"valueRequired\":true,\"valueName\":\"search_term_string\"}}],\"inLanguage\":\"es\"},{\"@type\":\"Organization\",\"@id\":\"https:\/\/nadair.com\/recessed\/#organization\",\"name\":\"Nadair\",\"url\":\"https:\/\/nadair.com\/recessed\/\",\"logo\":{\"@type\":\"ImageObject\",\"inLanguage\":\"es\",\"@id\":\"https:\/\/nadair.com\/recessed\/#\/schema\/logo\/image\/\",\"url\":\"https:\/\/nadair.com\/recessed\/wp-content\/uploads\/sites\/3\/2018\/08\/logo-recessed.png\",\"contentUrl\":\"https:\/\/nadair.com\/recessed\/wp-content\/uploads\/sites\/3\/2018\/08\/logo-recessed.png\",\"width\":161,\"height\":59,\"caption\":\"Nadair\"},\"image\":{\"@id\":\"https:\/\/nadair.com\/recessed\/#\/schema\/logo\/image\/\"},\"sameAs\":[\"https:\/\/www.facebook.com\/nadairint\/\"]}]}<\/script>\n<!-- \/ Yoast SEO plugin. -->","yoast_head_json":{"title":"Preguntas Frecuentes - Nadair - Recessed lights","robots":{"index":"index","follow":"follow","max-snippet":"max-snippet:-1","max-image-preview":"max-image-preview:large","max-video-preview":"max-video-preview:-1"},"canonical":"https:\/\/nadair.com\/recessed\/es\/preguntas-frecuentes\/","og_locale":"es_ES","og_type":"article","og_title":"Preguntas Frecuentes - Nadair - Recessed lights","og_url":"https:\/\/nadair.com\/recessed\/es\/preguntas-frecuentes\/","og_site_name":"Nadair - Recessed lights","article_publisher":"https:\/\/www.facebook.com\/nadairint\/","article_modified_time":"2020-10-23T16:06:46+00:00","twitter_card":"summary_large_image","twitter_misc":{"Tiempo de lectura":"1 minuto"},"schema":{"@context":"https:\/\/schema.org","@graph":[{"@type":"WebPage","@id":"https:\/\/nadair.com\/recessed\/es\/preguntas-frecuentes\/","url":"https:\/\/nadair.com\/recessed\/es\/preguntas-frecuentes\/","name":"Preguntas Frecuentes - Nadair - Recessed lights","isPartOf":{"@id":"https:\/\/nadair.com\/recessed\/#website"},"datePublished":"2020-10-23T16:06:45+00:00","dateModified":"2020-10-23T16:06:46+00:00","breadcrumb":{"@id":"https:\/\/nadair.com\/recessed\/es\/preguntas-frecuentes\/#breadcrumb"},"inLanguage":"es","potentialAction":[{"@type":"ReadAction","target":["https:\/\/nadair.com\/recessed\/es\/preguntas-frecuentes\/"]}]},{"@type":"BreadcrumbList","@id":"https:\/\/nadair.com\/recessed\/es\/preguntas-frecuentes\/#breadcrumb","itemListElement":[{"@type":"ListItem","position":1,"name":"Home","item":"https:\/\/nadair.com\/recessed\/es\/"},{"@type":"ListItem","position":2,"name":"Preguntas Frecuentes"}]},{"@type":"WebSite","@id":"https:\/\/nadair.com\/recessed\/#website","url":"https:\/\/nadair.com\/recessed\/","name":"Nadair - Recessed lights","description":"","publisher":{"@id":"https:\/\/nadair.com\/recessed\/#organization"},"potentialAction":[{"@type":"SearchAction","target":{"@type":"EntryPoint","urlTemplate":"https:\/\/nadair.com\/recessed\/?s={search_term_string}"},"query-input":{"@type":"PropertyValueSpecification","valueRequired":true,"valueName":"search_term_string"}}],"inLanguage":"es"},{"@type":"Organization","@id":"https:\/\/nadair.com\/recessed\/#organization","name":"Nadair","url":"https:\/\/nadair.com\/recessed\/","logo":{"@type":"ImageObject","inLanguage":"es","@id":"https:\/\/nadair.com\/recessed\/#\/schema\/logo\/image\/","url":"https:\/\/nadair.com\/recessed\/wp-content\/uploads\/sites\/3\/2018\/08\/logo-recessed.png","contentUrl":"https:\/\/nadair.com\/recessed\/wp-content\/uploads\/sites\/3\/2018\/08\/logo-recessed.png","width":161,"height":59,"caption":"Nadair"},"image":{"@id":"https:\/\/nadair.com\/recessed\/#\/schema\/logo\/image\/"},"sameAs":["https:\/\/www.facebook.com\/nadairint\/"]}]}},"jetpack_sharing_enabled":true,"_links":{"self":[{"href":"https:\/\/nadair.com\/recessed\/es\/wp-json\/wp\/v2\/pages\/1195","targetHints":{"allow":["GET"]}}],"collection":[{"href":"https:\/\/nadair.com\/recessed\/es\/wp-json\/wp\/v2\/pages"}],"about":[{"href":"https:\/\/nadair.com\/recessed\/es\/wp-json\/wp\/v2\/types\/page"}],"author":[{"embeddable":true,"href":"https:\/\/nadair.com\/recessed\/es\/wp-json\/wp\/v2\/users\/3"}],"replies":[{"embeddable":true,"href":"https:\/\/nadair.com\/recessed\/es\/wp-json\/wp\/v2\/comments?post=1195"}],"version-history":[{"count":1,"href":"https:\/\/nadair.com\/recessed\/es\/wp-json\/wp\/v2\/pages\/1195\/revisions"}],"predecessor-version":[{"id":1196,"href":"https:\/\/nadair.com\/recessed\/es\/wp-json\/wp\/v2\/pages\/1195\/revisions\/1196"}],"wp:attachment":[{"href":"https:\/\/nadair.com\/recessed\/es\/wp-json\/wp\/v2\/media?parent=1195"}],"curies":[{"name":"wp","href":"https:\/\/api.w.org\/{rel}","templated":true}]}}