{"id":1326,"date":"2018-11-29T19:46:55","date_gmt":"2018-11-29T19:46:56","guid":{"rendered":"https:\/\/nadair.com\/vacuum\/?post_type=product&#038;p=1326"},"modified":"2025-03-01T09:47:26","modified_gmt":"2025-03-01T14:47:26","slug":"accessoires-delux-plus","status":"publish","type":"product","link":"https:\/\/nadair.com\/vacuum\/fr\/produit\/accessoires-delux-plus\/","title":{"rendered":"Ensemble d&rsquo;accessoires Deluxe Plus avec boyau bas-voltage, Technologie anti-enroulement avec poign\u00e9e et embout mural pivotants \u00e0 360\u02da,Interrupteur marche\/arr\u00eat \u00e0 la poign\u00e9e (disponible en 9,14 m, 10,67 m ou 12,19 m) &#8211; Id\u00e9al pour les carpettes et surfaces dures"},"content":{"rendered":"<p>Id\u00e9al pour les carpettes et surfaces dures<\/p>\n<p><strong>L&rsquo;ensemble comprend<\/strong><\/p>\n<ul>\n<li>Boyau bas-voltage, avec interrupteur marche\/arr\u00eat sur la poign\u00e9e \/ Technologie anti-enroulement avec poign\u00e9e et embout mural pivotants \u00e0 360\u02da \/ R\u00e9sistant \u00e0 l&rsquo;\u00e9crasement \/ disponible en longueurs de 30&prime; (9,14 m), 35&prime; (10,67 m) ou 40&prime; (12,19 m)<\/li>\n<li>Brosse turbo \u00e0 air \u00e0 double pivot de conception allemande avec soupape de d\u00e9compression<\/li>\n<li>Manchon t\u00e9lescopique avec verrouillage par bouton<\/li>\n<li>Brosse \u00e0 plancher \u00e0 double pivot en crin de cheval<\/li>\n<li>Brosse \u00e0 \u00e9poussetage en crin de cheval<\/li>\n<li>Brosse \u00e0 capitonnage en crin de cheval<\/li>\n<li>Outil pour le nettoyage des fissures et recoins<\/li>\n<li>Sac d&rsquo;accessoires de luxe<\/li>\n<li>Support \u00e0 boyau<\/li>\n<\/ul>\n<ul>\n<li>30&prime; (9,14 m) : KIT-LV30DP-SW-NAD<\/li>\n<li>35&prime; (10,67 m) : KIT-LV35DP-SW-NAD<\/li>\n<li>40&prime; (12,19 m) : KIT-LV40DP-SW-NAD<\/li>\n<\/ul>\n","protected":false},"excerpt":{"rendered":"<h3>\u00c0 partir de 224,99 $<\/h3>\n<p><a href=\"https:\/\/nadair.com\/vacuum\/fr\/detaillants\/\">. <\/a><a href=\"https:\/\/nadair.com\/vacuum\/fr\/detaillants\/\"><img decoding=\"async\" class=\"alignnone wp-image-5231\" src=\"https:\/\/nadair.com\/vacuum\/wp-content\/uploads\/sites\/2\/2025\/02\/Dealer-button-FR.jpg\" alt=\"\" width=\"207\" height=\"38\" \/><\/a>. \u00a0\u00a0 <a href=\"https:\/\/nadair.com\/vacuum\/fr\/produit\/accessoires-delux-plus\/\"><img decoding=\"async\" class=\"alignnone wp-image-5233\" src=\"https:\/\/nadair.com\/vacuum\/wp-content\/uploads\/sites\/2\/2025\/02\/LEARN-MOR-BUTTON-FR.jpg\" alt=\"\" width=\"207\" height=\"38\" \/><\/a><\/p>\n<p>&nbsp;<\/p>\n<p>&nbsp;<\/p>\n","protected":false},"featured_media":5264,"comment_status":"closed","ping_status":"closed","template":"","meta":{"_acf_changed":false},"product_brand":[],"product_cat":[134],"product_tag":[],"class_list":{"0":"post-1326","1":"product","2":"type-product","3":"status-publish","4":"has-post-thumbnail","6":"product_cat-ensemble-daccessoires","8":"first","9":"instock","10":"taxable","11":"shipping-taxable","12":"product-type-simple"},"acf":[],"yoast_head":"<!-- This site is optimized with the Yoast SEO plugin v26.6 - https:\/\/yoast.com\/wordpress\/plugins\/seo\/ -->\n<title>Ensemble d&#039;accessoires Deluxe Plus avec boyau bas-voltage, Technologie anti-enroulement avec poign\u00e9e et embout mural pivotants \u00e0 360\u02da,Interrupteur marche\/arr\u00eat \u00e0 la poign\u00e9e (disponible en 9,14 m, 10,67 m ou 12,19 m) - Id\u00e9al pour les carpettes et surfaces dures - Nadair Central Vacuum<\/title>\n<meta name=\"robots\" content=\"index, follow, max-snippet:-1, max-image-preview:large, max-video-preview:-1\" \/>\n<link rel=\"canonical\" href=\"https:\/\/nadair.com\/vacuum\/fr\/produit\/accessoires-delux-plus\/\" \/>\n<meta property=\"og:locale\" content=\"fr_FR\" \/>\n<meta property=\"og:type\" content=\"article\" \/>\n<meta property=\"og:title\" content=\"Ensemble d&#039;accessoires Deluxe Plus avec boyau bas-voltage, Technologie anti-enroulement avec poign\u00e9e et embout mural pivotants \u00e0 360\u02da,Interrupteur marche\/arr\u00eat \u00e0 la poign\u00e9e (disponible en 9,14 m, 10,67 m ou 12,19 m) - Id\u00e9al pour les carpettes et surfaces dures - Nadair Central Vacuum\" \/>\n<meta property=\"og:description\" content=\"\u00c0 partir de 224,99 $ . . \u00a0\u00a0   &nbsp;  &nbsp;\" \/>\n<meta property=\"og:url\" content=\"https:\/\/nadair.com\/vacuum\/fr\/produit\/accessoires-delux-plus\/\" \/>\n<meta property=\"og:site_name\" content=\"Nadair Central Vacuum\" \/>\n<meta property=\"article:modified_time\" content=\"2025-03-01T14:47:26+00:00\" \/>\n<meta property=\"og:image\" content=\"https:\/\/nadair.com\/vacuum\/wp-content\/uploads\/sites\/2\/2018\/11\/DP-FR-scaled.jpg\" \/>\n\t<meta property=\"og:image:width\" content=\"2560\" \/>\n\t<meta property=\"og:image:height\" content=\"2560\" \/>\n\t<meta property=\"og:image:type\" content=\"image\/jpeg\" \/>\n<meta name=\"twitter:card\" content=\"summary_large_image\" \/>\n<meta name=\"twitter:label1\" content=\"Dur\u00e9e de lecture estim\u00e9e\" \/>\n\t<meta name=\"twitter:data1\" content=\"1 minute\" \/>\n<script type=\"application\/ld+json\" class=\"yoast-schema-graph\">{\"@context\":\"https:\/\/schema.org\",\"@graph\":[{\"@type\":\"WebPage\",\"@id\":\"https:\/\/nadair.com\/vacuum\/fr\/produit\/accessoires-delux-plus\/\",\"url\":\"https:\/\/nadair.com\/vacuum\/fr\/produit\/accessoires-delux-plus\/\",\"name\":\"Ensemble d'accessoires Deluxe Plus avec boyau bas-voltage, Technologie anti-enroulement avec poign\u00e9e et embout mural pivotants \u00e0 360\u02da,Interrupteur marche\/arr\u00eat \u00e0 la poign\u00e9e (disponible en 9,14 m, 10,67 m ou 12,19 m) - Id\u00e9al pour les carpettes et surfaces dures - Nadair Central Vacuum\",\"isPartOf\":{\"@id\":\"https:\/\/nadair.com\/vacuum\/#website\"},\"primaryImageOfPage\":{\"@id\":\"https:\/\/nadair.com\/vacuum\/fr\/produit\/accessoires-delux-plus\/#primaryimage\"},\"image\":{\"@id\":\"https:\/\/nadair.com\/vacuum\/fr\/produit\/accessoires-delux-plus\/#primaryimage\"},\"thumbnailUrl\":\"https:\/\/i0.wp.com\/nadair.com\/vacuum\/wp-content\/uploads\/sites\/2\/2018\/11\/DP-FR-scaled.jpg?fit=2560%2C2560&ssl=1\",\"datePublished\":\"2018-11-29T19:46:56+00:00\",\"dateModified\":\"2025-03-01T14:47:26+00:00\",\"breadcrumb\":{\"@id\":\"https:\/\/nadair.com\/vacuum\/fr\/produit\/accessoires-delux-plus\/#breadcrumb\"},\"inLanguage\":\"fr-FR\",\"potentialAction\":[{\"@type\":\"ReadAction\",\"target\":[\"https:\/\/nadair.com\/vacuum\/fr\/produit\/accessoires-delux-plus\/\"]}]},{\"@type\":\"ImageObject\",\"inLanguage\":\"fr-FR\",\"@id\":\"https:\/\/nadair.com\/vacuum\/fr\/produit\/accessoires-delux-plus\/#primaryimage\",\"url\":\"https:\/\/i0.wp.com\/nadair.com\/vacuum\/wp-content\/uploads\/sites\/2\/2018\/11\/DP-FR-scaled.jpg?fit=2560%2C2560&ssl=1\",\"contentUrl\":\"https:\/\/i0.wp.com\/nadair.com\/vacuum\/wp-content\/uploads\/sites\/2\/2018\/11\/DP-FR-scaled.jpg?fit=2560%2C2560&ssl=1\",\"width\":2560,\"height\":2560},{\"@type\":\"BreadcrumbList\",\"@id\":\"https:\/\/nadair.com\/vacuum\/fr\/produit\/accessoires-delux-plus\/#breadcrumb\",\"itemListElement\":[{\"@type\":\"ListItem\",\"position\":1,\"name\":\"Home\",\"item\":\"https:\/\/nadair.com\/vacuum\/fr\/\"},{\"@type\":\"ListItem\",\"position\":2,\"name\":\"Boutique\",\"item\":\"https:\/\/nadair.com\/vacuum\/shop\/\"},{\"@type\":\"ListItem\",\"position\":3,\"name\":\"Ensemble d&#8217;accessoires Deluxe Plus avec boyau bas-voltage, Technologie anti-enroulement avec poign\u00e9e et embout mural pivotants \u00e0 360\u02da,Interrupteur marche\/arr\u00eat \u00e0 la poign\u00e9e (disponible en 9,14 m, 10,67 m ou 12,19 m) &#8211; Id\u00e9al pour les carpettes et surfaces dures\"}]},{\"@type\":\"WebSite\",\"@id\":\"https:\/\/nadair.com\/vacuum\/#website\",\"url\":\"https:\/\/nadair.com\/vacuum\/\",\"name\":\"Nadair Central Vacuum\",\"description\":\"\",\"publisher\":{\"@id\":\"https:\/\/nadair.com\/vacuum\/#organization\"},\"potentialAction\":[{\"@type\":\"SearchAction\",\"target\":{\"@type\":\"EntryPoint\",\"urlTemplate\":\"https:\/\/nadair.com\/vacuum\/?s={search_term_string}\"},\"query-input\":{\"@type\":\"PropertyValueSpecification\",\"valueRequired\":true,\"valueName\":\"search_term_string\"}}],\"inLanguage\":\"fr-FR\"},{\"@type\":\"Organization\",\"@id\":\"https:\/\/nadair.com\/vacuum\/#organization\",\"name\":\"Nadair\",\"url\":\"https:\/\/nadair.com\/vacuum\/\",\"logo\":{\"@type\":\"ImageObject\",\"inLanguage\":\"fr-FR\",\"@id\":\"https:\/\/nadair.com\/vacuum\/#\/schema\/logo\/image\/\",\"url\":\"https:\/\/i0.wp.com\/nadair.com\/vacuum\/wp-content\/uploads\/sites\/2\/2019\/11\/nadaire_fernetre.png?fit=202%2C98&ssl=1\",\"contentUrl\":\"https:\/\/i0.wp.com\/nadair.com\/vacuum\/wp-content\/uploads\/sites\/2\/2019\/11\/nadaire_fernetre.png?fit=202%2C98&ssl=1\",\"width\":202,\"height\":98,\"caption\":\"Nadair\"},\"image\":{\"@id\":\"https:\/\/nadair.com\/vacuum\/#\/schema\/logo\/image\/\"}}]}<\/script>\n<!-- \/ Yoast SEO plugin. -->","yoast_head_json":{"title":"Ensemble d'accessoires Deluxe Plus avec boyau bas-voltage, Technologie anti-enroulement avec poign\u00e9e et embout mural pivotants \u00e0 360\u02da,Interrupteur marche\/arr\u00eat \u00e0 la poign\u00e9e (disponible en 9,14 m, 10,67 m ou 12,19 m) - Id\u00e9al pour les carpettes et surfaces dures - Nadair Central Vacuum","robots":{"index":"index","follow":"follow","max-snippet":"max-snippet:-1","max-image-preview":"max-image-preview:large","max-video-preview":"max-video-preview:-1"},"canonical":"https:\/\/nadair.com\/vacuum\/fr\/produit\/accessoires-delux-plus\/","og_locale":"fr_FR","og_type":"article","og_title":"Ensemble d'accessoires Deluxe Plus avec boyau bas-voltage, Technologie anti-enroulement avec poign\u00e9e et embout mural pivotants \u00e0 360\u02da,Interrupteur marche\/arr\u00eat \u00e0 la poign\u00e9e (disponible en 9,14 m, 10,67 m ou 12,19 m) - Id\u00e9al pour les carpettes et surfaces dures - Nadair Central Vacuum","og_description":"\u00c0 partir de 224,99 $ . . \u00a0\u00a0   &nbsp;  &nbsp;","og_url":"https:\/\/nadair.com\/vacuum\/fr\/produit\/accessoires-delux-plus\/","og_site_name":"Nadair Central Vacuum","article_modified_time":"2025-03-01T14:47:26+00:00","og_image":[{"width":2560,"height":2560,"url":"https:\/\/nadair.com\/vacuum\/wp-content\/uploads\/sites\/2\/2018\/11\/DP-FR-scaled.jpg","type":"image\/jpeg"}],"twitter_card":"summary_large_image","twitter_misc":{"Dur\u00e9e de lecture estim\u00e9e":"1 minute"},"schema":{"@context":"https:\/\/schema.org","@graph":[{"@type":"WebPage","@id":"https:\/\/nadair.com\/vacuum\/fr\/produit\/accessoires-delux-plus\/","url":"https:\/\/nadair.com\/vacuum\/fr\/produit\/accessoires-delux-plus\/","name":"Ensemble d'accessoires Deluxe Plus avec boyau bas-voltage, Technologie anti-enroulement avec poign\u00e9e et embout mural pivotants \u00e0 360\u02da,Interrupteur marche\/arr\u00eat \u00e0 la poign\u00e9e (disponible en 9,14 m, 10,67 m ou 12,19 m) - Id\u00e9al pour les carpettes et surfaces dures - Nadair Central Vacuum","isPartOf":{"@id":"https:\/\/nadair.com\/vacuum\/#website"},"primaryImageOfPage":{"@id":"https:\/\/nadair.com\/vacuum\/fr\/produit\/accessoires-delux-plus\/#primaryimage"},"image":{"@id":"https:\/\/nadair.com\/vacuum\/fr\/produit\/accessoires-delux-plus\/#primaryimage"},"thumbnailUrl":"https:\/\/i0.wp.com\/nadair.com\/vacuum\/wp-content\/uploads\/sites\/2\/2018\/11\/DP-FR-scaled.jpg?fit=2560%2C2560&ssl=1","datePublished":"2018-11-29T19:46:56+00:00","dateModified":"2025-03-01T14:47:26+00:00","breadcrumb":{"@id":"https:\/\/nadair.com\/vacuum\/fr\/produit\/accessoires-delux-plus\/#breadcrumb"},"inLanguage":"fr-FR","potentialAction":[{"@type":"ReadAction","target":["https:\/\/nadair.com\/vacuum\/fr\/produit\/accessoires-delux-plus\/"]}]},{"@type":"ImageObject","inLanguage":"fr-FR","@id":"https:\/\/nadair.com\/vacuum\/fr\/produit\/accessoires-delux-plus\/#primaryimage","url":"https:\/\/i0.wp.com\/nadair.com\/vacuum\/wp-content\/uploads\/sites\/2\/2018\/11\/DP-FR-scaled.jpg?fit=2560%2C2560&ssl=1","contentUrl":"https:\/\/i0.wp.com\/nadair.com\/vacuum\/wp-content\/uploads\/sites\/2\/2018\/11\/DP-FR-scaled.jpg?fit=2560%2C2560&ssl=1","width":2560,"height":2560},{"@type":"BreadcrumbList","@id":"https:\/\/nadair.com\/vacuum\/fr\/produit\/accessoires-delux-plus\/#breadcrumb","itemListElement":[{"@type":"ListItem","position":1,"name":"Home","item":"https:\/\/nadair.com\/vacuum\/fr\/"},{"@type":"ListItem","position":2,"name":"Boutique","item":"https:\/\/nadair.com\/vacuum\/shop\/"},{"@type":"ListItem","position":3,"name":"Ensemble d&#8217;accessoires Deluxe Plus avec boyau bas-voltage, Technologie anti-enroulement avec poign\u00e9e et embout mural pivotants \u00e0 360\u02da,Interrupteur marche\/arr\u00eat \u00e0 la poign\u00e9e (disponible en 9,14 m, 10,67 m ou 12,19 m) &#8211; Id\u00e9al pour les carpettes et surfaces dures"}]},{"@type":"WebSite","@id":"https:\/\/nadair.com\/vacuum\/#website","url":"https:\/\/nadair.com\/vacuum\/","name":"Nadair Central Vacuum","description":"","publisher":{"@id":"https:\/\/nadair.com\/vacuum\/#organization"},"potentialAction":[{"@type":"SearchAction","target":{"@type":"EntryPoint","urlTemplate":"https:\/\/nadair.com\/vacuum\/?s={search_term_string}"},"query-input":{"@type":"PropertyValueSpecification","valueRequired":true,"valueName":"search_term_string"}}],"inLanguage":"fr-FR"},{"@type":"Organization","@id":"https:\/\/nadair.com\/vacuum\/#organization","name":"Nadair","url":"https:\/\/nadair.com\/vacuum\/","logo":{"@type":"ImageObject","inLanguage":"fr-FR","@id":"https:\/\/nadair.com\/vacuum\/#\/schema\/logo\/image\/","url":"https:\/\/i0.wp.com\/nadair.com\/vacuum\/wp-content\/uploads\/sites\/2\/2019\/11\/nadaire_fernetre.png?fit=202%2C98&ssl=1","contentUrl":"https:\/\/i0.wp.com\/nadair.com\/vacuum\/wp-content\/uploads\/sites\/2\/2019\/11\/nadaire_fernetre.png?fit=202%2C98&ssl=1","width":202,"height":98,"caption":"Nadair"},"image":{"@id":"https:\/\/nadair.com\/vacuum\/#\/schema\/logo\/image\/"}}]}},"jetpack_sharing_enabled":true,"_links":{"self":[{"href":"https:\/\/nadair.com\/vacuum\/fr\/wp-json\/wp\/v2\/product\/1326","targetHints":{"allow":["GET"]}}],"collection":[{"href":"https:\/\/nadair.com\/vacuum\/fr\/wp-json\/wp\/v2\/product"}],"about":[{"href":"https:\/\/nadair.com\/vacuum\/fr\/wp-json\/wp\/v2\/types\/product"}],"replies":[{"embeddable":true,"href":"https:\/\/nadair.com\/vacuum\/fr\/wp-json\/wp\/v2\/comments?post=1326"}],"wp:featuredmedia":[{"embeddable":true,"href":"https:\/\/nadair.com\/vacuum\/fr\/wp-json\/wp\/v2\/media\/5264"}],"wp:attachment":[{"href":"https:\/\/nadair.com\/vacuum\/fr\/wp-json\/wp\/v2\/media?parent=1326"}],"wp:term":[{"taxonomy":"product_brand","embeddable":true,"href":"https:\/\/nadair.com\/vacuum\/fr\/wp-json\/wp\/v2\/product_brand?post=1326"},{"taxonomy":"product_cat","embeddable":true,"href":"https:\/\/nadair.com\/vacuum\/fr\/wp-json\/wp\/v2\/product_cat?post=1326"},{"taxonomy":"product_tag","embeddable":true,"href":"https:\/\/nadair.com\/vacuum\/fr\/wp-json\/wp\/v2\/product_tag?post=1326"}],"curies":[{"name":"wp","href":"https:\/\/api.w.org\/{rel}","templated":true}]}}