{"id":4409,"date":"2025-01-21T09:15:34","date_gmt":"2025-01-21T14:15:34","guid":{"rendered":"https:\/\/nadair.com\/vacuum\/?post_type=product&#038;p=4409"},"modified":"2025-03-03T08:18:33","modified_gmt":"2025-03-03T13:18:33","slug":"systeme-hybride-750-aw-22l","status":"publish","type":"product","link":"https:\/\/nadair.com\/vacuum\/fr\/produit\/systeme-hybride-750-aw-22l\/","title":{"rendered":"Syst\u00e8me d&rsquo;aspirateur central hybride de 750 AIRWATTS, 22L \/ 5,81 Gal., Avec ou sans sacs de filtration jetables"},"content":{"rendered":"<ul>\n<li><strong>PERFORMANCE MAXIMALE : 750AW, moteur Ametek \u00e0 2 \u00e9tages \u00ab\u00a0Thru-flow\u00a0\u00bb de 5,7\u2019\u2019 (14,5 cm)<\/strong><\/li>\n<li>PUISSANCE D\u2019ASPIRATION : 146\u2019\u2019 H2O \/ 141,2 CFM<\/li>\n<li>SYST\u00c8ME SILENCIEUX : 65 dB<\/li>\n<li>DOUBLE ISOLATION PHONIQUE : Mousse isolante et silencieux int\u00e9gr\u00e9 pour une r\u00e9duction optimale du bruit<\/li>\n<li>SYST\u00c8ME DE FILTRATION CYCLONIQUE HYBRIDE : Peut \u00eatre utilis\u00e9 avec ou sans sac de filtration jetable. Filtre jusqu\u2019\u00e0 99,97%<\/li>\n<li>TECHNOLOGIE DE MARCHE \/ARR\u00caT PROGRESSIF : Prolonge la dur\u00e9e de vie du moteur de 20%<\/li>\n<li>INDICATEUR DEL : Indique l\u2019\u00e9tat de l\u2019unit\u00e9 et un rappel pour vider la cuve<\/li>\n<li>CUVE\u00c0 CHARGEMENT INFERIEUR: 22L (5,81 Gal.), Retrait facile quel que soit l\u2019endroit d\u2019installation<\/li>\n<li>ENTR\u00c9E D\u2019AIR PAR LE DESSUS : Facile \u00e0 installer sur tout r\u00e9seau de tuyauterie existant<\/li>\n<li>CUVE EN ALUMINIUM : Ne rouille pas \/ L\u00e9ger \/ Lisse et brillant<\/li>\n<li>SYST\u00c8ME DE FILTRATION HYBRIDE : 1 sac de filtration jetable \u00e0 triple \u00e9paisseur inclus \u2013 1 filtre permanent inclus (pour un fonctionnement sans sac)<\/li>\n<li>DIMENSIONS :\u00a0 P 12,91\u2019\u2019 x H 25,39\u2019\u2019 x L 12,52\u2019\u2019 (P 32,8 cm x H 64,5 cm x L 31,8 cm)<\/li>\n<li>GARANTIE : 15 ans<\/li>\n<\/ul>\n","protected":false},"excerpt":{"rendered":"<h3>759,99 $<\/h3>\n<p><a href=\"https:\/\/nadair.com\/vacuum\/fr\/detaillants\/\"><img decoding=\"async\" class=\"alignnone wp-image-5231\" src=\"https:\/\/nadair.com\/vacuum\/wp-content\/uploads\/sites\/2\/2025\/02\/Dealer-button-FR.jpg\" alt=\"\" width=\"207\" height=\"38\" \/><\/a>. \u00a0\u00a0 <a href=\"https:\/\/nadair.com\/vacuum\/fr\/produit\/systeme-hybride-750-aw-22l\/\" target=\"_blank\" rel=\"noopener\"><img decoding=\"async\" class=\"alignnone wp-image-5233\" src=\"https:\/\/nadair.com\/vacuum\/wp-content\/uploads\/sites\/2\/2025\/02\/LEARN-MOR-BUTTON-FR.jpg\" alt=\"\" width=\"224\" height=\"41\" \/><\/a><\/p>\n","protected":false},"featured_media":5144,"comment_status":"closed","ping_status":"closed","template":"","meta":{"_acf_changed":false},"product_brand":[],"product_cat":[127],"product_tag":[],"class_list":{"0":"post-4409","1":"product","2":"type-product","3":"status-publish","4":"has-post-thumbnail","6":"product_cat-serie-heavy-duty","8":"first","9":"outofstock","10":"taxable","11":"shipping-taxable","12":"product-type-simple"},"acf":[],"yoast_head":"<!-- This site is optimized with the Yoast SEO plugin v26.6 - https:\/\/yoast.com\/wordpress\/plugins\/seo\/ -->\n<title>Syst\u00e8me d&#039;aspirateur central hybride de 750 AIRWATTS, 22L \/ 5,81 Gal., Avec ou sans sacs de filtration jetables - Nadair Central Vacuum<\/title>\n<meta name=\"robots\" content=\"index, follow, max-snippet:-1, max-image-preview:large, max-video-preview:-1\" \/>\n<link rel=\"canonical\" href=\"https:\/\/nadair.com\/vacuum\/fr\/produit\/systeme-hybride-750-aw-22l\/\" \/>\n<meta property=\"og:locale\" content=\"fr_FR\" \/>\n<meta property=\"og:type\" content=\"article\" \/>\n<meta property=\"og:title\" content=\"Syst\u00e8me d&#039;aspirateur central hybride de 750 AIRWATTS, 22L \/ 5,81 Gal., Avec ou sans sacs de filtration jetables - Nadair Central Vacuum\" \/>\n<meta property=\"og:description\" content=\"759,99 $ . \u00a0\u00a0\" \/>\n<meta property=\"og:url\" content=\"https:\/\/nadair.com\/vacuum\/fr\/produit\/systeme-hybride-750-aw-22l\/\" \/>\n<meta property=\"og:site_name\" content=\"Nadair Central Vacuum\" \/>\n<meta property=\"article:modified_time\" content=\"2025-03-03T13:18:33+00:00\" \/>\n<meta property=\"og:image\" content=\"https:\/\/nadair.com\/vacuum\/wp-content\/uploads\/sites\/2\/2025\/02\/HD-750-22H-FR-scaled.jpg\" \/>\n\t<meta property=\"og:image:width\" content=\"2560\" \/>\n\t<meta property=\"og:image:height\" content=\"2560\" \/>\n\t<meta property=\"og:image:type\" content=\"image\/jpeg\" \/>\n<meta name=\"twitter:card\" content=\"summary_large_image\" \/>\n<meta name=\"twitter:label1\" content=\"Dur\u00e9e de lecture estim\u00e9e\" \/>\n\t<meta name=\"twitter:data1\" content=\"1 minute\" \/>\n<script type=\"application\/ld+json\" class=\"yoast-schema-graph\">{\"@context\":\"https:\/\/schema.org\",\"@graph\":[{\"@type\":\"WebPage\",\"@id\":\"https:\/\/nadair.com\/vacuum\/fr\/produit\/systeme-hybride-750-aw-22l\/\",\"url\":\"https:\/\/nadair.com\/vacuum\/fr\/produit\/systeme-hybride-750-aw-22l\/\",\"name\":\"Syst\u00e8me d'aspirateur central hybride de 750 AIRWATTS, 22L \/ 5,81 Gal., Avec ou sans sacs de filtration jetables - Nadair Central Vacuum\",\"isPartOf\":{\"@id\":\"https:\/\/nadair.com\/vacuum\/#website\"},\"primaryImageOfPage\":{\"@id\":\"https:\/\/nadair.com\/vacuum\/fr\/produit\/systeme-hybride-750-aw-22l\/#primaryimage\"},\"image\":{\"@id\":\"https:\/\/nadair.com\/vacuum\/fr\/produit\/systeme-hybride-750-aw-22l\/#primaryimage\"},\"thumbnailUrl\":\"https:\/\/i0.wp.com\/nadair.com\/vacuum\/wp-content\/uploads\/sites\/2\/2025\/02\/HD-750-22H-FR-scaled.jpg?fit=2560%2C2560&ssl=1\",\"datePublished\":\"2025-01-21T14:15:34+00:00\",\"dateModified\":\"2025-03-03T13:18:33+00:00\",\"breadcrumb\":{\"@id\":\"https:\/\/nadair.com\/vacuum\/fr\/produit\/systeme-hybride-750-aw-22l\/#breadcrumb\"},\"inLanguage\":\"fr-FR\",\"potentialAction\":[{\"@type\":\"ReadAction\",\"target\":[\"https:\/\/nadair.com\/vacuum\/fr\/produit\/systeme-hybride-750-aw-22l\/\"]}]},{\"@type\":\"ImageObject\",\"inLanguage\":\"fr-FR\",\"@id\":\"https:\/\/nadair.com\/vacuum\/fr\/produit\/systeme-hybride-750-aw-22l\/#primaryimage\",\"url\":\"https:\/\/i0.wp.com\/nadair.com\/vacuum\/wp-content\/uploads\/sites\/2\/2025\/02\/HD-750-22H-FR-scaled.jpg?fit=2560%2C2560&ssl=1\",\"contentUrl\":\"https:\/\/i0.wp.com\/nadair.com\/vacuum\/wp-content\/uploads\/sites\/2\/2025\/02\/HD-750-22H-FR-scaled.jpg?fit=2560%2C2560&ssl=1\",\"width\":2560,\"height\":2560},{\"@type\":\"BreadcrumbList\",\"@id\":\"https:\/\/nadair.com\/vacuum\/fr\/produit\/systeme-hybride-750-aw-22l\/#breadcrumb\",\"itemListElement\":[{\"@type\":\"ListItem\",\"position\":1,\"name\":\"Home\",\"item\":\"https:\/\/nadair.com\/vacuum\/fr\/\"},{\"@type\":\"ListItem\",\"position\":2,\"name\":\"Boutique\",\"item\":\"https:\/\/nadair.com\/vacuum\/shop\/\"},{\"@type\":\"ListItem\",\"position\":3,\"name\":\"Syst\u00e8me d&#8217;aspirateur central hybride de 750 AIRWATTS, 22L \/ 5,81 Gal., Avec ou sans sacs de filtration jetables\"}]},{\"@type\":\"WebSite\",\"@id\":\"https:\/\/nadair.com\/vacuum\/#website\",\"url\":\"https:\/\/nadair.com\/vacuum\/\",\"name\":\"Nadair Central Vacuum\",\"description\":\"\",\"publisher\":{\"@id\":\"https:\/\/nadair.com\/vacuum\/#organization\"},\"potentialAction\":[{\"@type\":\"SearchAction\",\"target\":{\"@type\":\"EntryPoint\",\"urlTemplate\":\"https:\/\/nadair.com\/vacuum\/?s={search_term_string}\"},\"query-input\":{\"@type\":\"PropertyValueSpecification\",\"valueRequired\":true,\"valueName\":\"search_term_string\"}}],\"inLanguage\":\"fr-FR\"},{\"@type\":\"Organization\",\"@id\":\"https:\/\/nadair.com\/vacuum\/#organization\",\"name\":\"Nadair\",\"url\":\"https:\/\/nadair.com\/vacuum\/\",\"logo\":{\"@type\":\"ImageObject\",\"inLanguage\":\"fr-FR\",\"@id\":\"https:\/\/nadair.com\/vacuum\/#\/schema\/logo\/image\/\",\"url\":\"https:\/\/i0.wp.com\/nadair.com\/vacuum\/wp-content\/uploads\/sites\/2\/2019\/11\/nadaire_fernetre.png?fit=202%2C98&ssl=1\",\"contentUrl\":\"https:\/\/i0.wp.com\/nadair.com\/vacuum\/wp-content\/uploads\/sites\/2\/2019\/11\/nadaire_fernetre.png?fit=202%2C98&ssl=1\",\"width\":202,\"height\":98,\"caption\":\"Nadair\"},\"image\":{\"@id\":\"https:\/\/nadair.com\/vacuum\/#\/schema\/logo\/image\/\"}}]}<\/script>\n<!-- \/ Yoast SEO plugin. -->","yoast_head_json":{"title":"Syst\u00e8me d'aspirateur central hybride de 750 AIRWATTS, 22L \/ 5,81 Gal., Avec ou sans sacs de filtration jetables - Nadair Central Vacuum","robots":{"index":"index","follow":"follow","max-snippet":"max-snippet:-1","max-image-preview":"max-image-preview:large","max-video-preview":"max-video-preview:-1"},"canonical":"https:\/\/nadair.com\/vacuum\/fr\/produit\/systeme-hybride-750-aw-22l\/","og_locale":"fr_FR","og_type":"article","og_title":"Syst\u00e8me d'aspirateur central hybride de 750 AIRWATTS, 22L \/ 5,81 Gal., Avec ou sans sacs de filtration jetables - Nadair Central Vacuum","og_description":"759,99 $ . \u00a0\u00a0","og_url":"https:\/\/nadair.com\/vacuum\/fr\/produit\/systeme-hybride-750-aw-22l\/","og_site_name":"Nadair Central Vacuum","article_modified_time":"2025-03-03T13:18:33+00:00","og_image":[{"width":2560,"height":2560,"url":"https:\/\/nadair.com\/vacuum\/wp-content\/uploads\/sites\/2\/2025\/02\/HD-750-22H-FR-scaled.jpg","type":"image\/jpeg"}],"twitter_card":"summary_large_image","twitter_misc":{"Dur\u00e9e de lecture estim\u00e9e":"1 minute"},"schema":{"@context":"https:\/\/schema.org","@graph":[{"@type":"WebPage","@id":"https:\/\/nadair.com\/vacuum\/fr\/produit\/systeme-hybride-750-aw-22l\/","url":"https:\/\/nadair.com\/vacuum\/fr\/produit\/systeme-hybride-750-aw-22l\/","name":"Syst\u00e8me d'aspirateur central hybride de 750 AIRWATTS, 22L \/ 5,81 Gal., Avec ou sans sacs de filtration jetables - Nadair Central Vacuum","isPartOf":{"@id":"https:\/\/nadair.com\/vacuum\/#website"},"primaryImageOfPage":{"@id":"https:\/\/nadair.com\/vacuum\/fr\/produit\/systeme-hybride-750-aw-22l\/#primaryimage"},"image":{"@id":"https:\/\/nadair.com\/vacuum\/fr\/produit\/systeme-hybride-750-aw-22l\/#primaryimage"},"thumbnailUrl":"https:\/\/i0.wp.com\/nadair.com\/vacuum\/wp-content\/uploads\/sites\/2\/2025\/02\/HD-750-22H-FR-scaled.jpg?fit=2560%2C2560&ssl=1","datePublished":"2025-01-21T14:15:34+00:00","dateModified":"2025-03-03T13:18:33+00:00","breadcrumb":{"@id":"https:\/\/nadair.com\/vacuum\/fr\/produit\/systeme-hybride-750-aw-22l\/#breadcrumb"},"inLanguage":"fr-FR","potentialAction":[{"@type":"ReadAction","target":["https:\/\/nadair.com\/vacuum\/fr\/produit\/systeme-hybride-750-aw-22l\/"]}]},{"@type":"ImageObject","inLanguage":"fr-FR","@id":"https:\/\/nadair.com\/vacuum\/fr\/produit\/systeme-hybride-750-aw-22l\/#primaryimage","url":"https:\/\/i0.wp.com\/nadair.com\/vacuum\/wp-content\/uploads\/sites\/2\/2025\/02\/HD-750-22H-FR-scaled.jpg?fit=2560%2C2560&ssl=1","contentUrl":"https:\/\/i0.wp.com\/nadair.com\/vacuum\/wp-content\/uploads\/sites\/2\/2025\/02\/HD-750-22H-FR-scaled.jpg?fit=2560%2C2560&ssl=1","width":2560,"height":2560},{"@type":"BreadcrumbList","@id":"https:\/\/nadair.com\/vacuum\/fr\/produit\/systeme-hybride-750-aw-22l\/#breadcrumb","itemListElement":[{"@type":"ListItem","position":1,"name":"Home","item":"https:\/\/nadair.com\/vacuum\/fr\/"},{"@type":"ListItem","position":2,"name":"Boutique","item":"https:\/\/nadair.com\/vacuum\/shop\/"},{"@type":"ListItem","position":3,"name":"Syst\u00e8me d&#8217;aspirateur central hybride de 750 AIRWATTS, 22L \/ 5,81 Gal., Avec ou sans sacs de filtration jetables"}]},{"@type":"WebSite","@id":"https:\/\/nadair.com\/vacuum\/#website","url":"https:\/\/nadair.com\/vacuum\/","name":"Nadair Central Vacuum","description":"","publisher":{"@id":"https:\/\/nadair.com\/vacuum\/#organization"},"potentialAction":[{"@type":"SearchAction","target":{"@type":"EntryPoint","urlTemplate":"https:\/\/nadair.com\/vacuum\/?s={search_term_string}"},"query-input":{"@type":"PropertyValueSpecification","valueRequired":true,"valueName":"search_term_string"}}],"inLanguage":"fr-FR"},{"@type":"Organization","@id":"https:\/\/nadair.com\/vacuum\/#organization","name":"Nadair","url":"https:\/\/nadair.com\/vacuum\/","logo":{"@type":"ImageObject","inLanguage":"fr-FR","@id":"https:\/\/nadair.com\/vacuum\/#\/schema\/logo\/image\/","url":"https:\/\/i0.wp.com\/nadair.com\/vacuum\/wp-content\/uploads\/sites\/2\/2019\/11\/nadaire_fernetre.png?fit=202%2C98&ssl=1","contentUrl":"https:\/\/i0.wp.com\/nadair.com\/vacuum\/wp-content\/uploads\/sites\/2\/2019\/11\/nadaire_fernetre.png?fit=202%2C98&ssl=1","width":202,"height":98,"caption":"Nadair"},"image":{"@id":"https:\/\/nadair.com\/vacuum\/#\/schema\/logo\/image\/"}}]}},"jetpack_sharing_enabled":true,"_links":{"self":[{"href":"https:\/\/nadair.com\/vacuum\/fr\/wp-json\/wp\/v2\/product\/4409","targetHints":{"allow":["GET"]}}],"collection":[{"href":"https:\/\/nadair.com\/vacuum\/fr\/wp-json\/wp\/v2\/product"}],"about":[{"href":"https:\/\/nadair.com\/vacuum\/fr\/wp-json\/wp\/v2\/types\/product"}],"replies":[{"embeddable":true,"href":"https:\/\/nadair.com\/vacuum\/fr\/wp-json\/wp\/v2\/comments?post=4409"}],"wp:featuredmedia":[{"embeddable":true,"href":"https:\/\/nadair.com\/vacuum\/fr\/wp-json\/wp\/v2\/media\/5144"}],"wp:attachment":[{"href":"https:\/\/nadair.com\/vacuum\/fr\/wp-json\/wp\/v2\/media?parent=4409"}],"wp:term":[{"taxonomy":"product_brand","embeddable":true,"href":"https:\/\/nadair.com\/vacuum\/fr\/wp-json\/wp\/v2\/product_brand?post=4409"},{"taxonomy":"product_cat","embeddable":true,"href":"https:\/\/nadair.com\/vacuum\/fr\/wp-json\/wp\/v2\/product_cat?post=4409"},{"taxonomy":"product_tag","embeddable":true,"href":"https:\/\/nadair.com\/vacuum\/fr\/wp-json\/wp\/v2\/product_tag?post=4409"}],"curies":[{"name":"wp","href":"https:\/\/api.w.org\/{rel}","templated":true}]}}