{"id":4438,"date":"2025-01-21T10:11:05","date_gmt":"2025-01-21T15:11:05","guid":{"rendered":"https:\/\/nadair.com\/vacuum\/?post_type=product&#038;p=4438"},"modified":"2025-03-03T07:34:30","modified_gmt":"2025-03-03T12:34:30","slug":"systeme-intelligent-pour-maisons-a-grandes-surfaces-750-aw","status":"publish","type":"product","link":"https:\/\/nadair.com\/vacuum\/fr\/produit\/systeme-intelligent-pour-maisons-a-grandes-surfaces-750-aw\/","title":{"rendered":"Syst\u00e8me d&rsquo;aspirateur central intelligent de 750 AIRWATTS, filtration hybride autonettoyante, 32L \/ 8,45 Gal., contr\u00f4lez votre aspirateur central avec un appareil intelligent"},"content":{"rendered":"<ul>\n<li>ASPIRATEUR CENTRAL INTELLIGENT &#8211; EXCLUSIF \u00c0 NADAIR :<\/li>\n<\/ul>\n<p>&#8211; <strong>D\u00e9marrez \/ arr\u00eatez l&rsquo;unit\u00e9 \u00e0 partir d&rsquo;un appareil intelligent et par commande vocale : <\/strong>Id\u00e9al lors de l&rsquo;utilisation d&rsquo;un tuyau r\u00e9tractable ou de syst\u00e8mes plus anciens<\/p>\n<p>&#8211; <strong>Contr\u00f4le \u00e0 3 vitesses : <\/strong>Choix de 3 vitesses pour adapter l&rsquo;aspiration \u00e0 tous les besoins de nettoyage<\/p>\n<p>&#8211; <strong>\u00c9tat en temps r\u00e9el de l&rsquo;unit\u00e9 : <\/strong>Soyez avis\u00e9 quand il est temps de changer votre sac \/ filtre et quand l&rsquo;entretien est n\u00e9cessaire<\/p>\n<p>&#8211; <strong>Contournement du syst\u00e8me bas-voltage : <\/strong>Pas besoin de remplacer les interrupteurs de boyau d\u00e9fectueux ni les syst\u00e8mes plus anciens<\/p>\n<ul>\n<li><strong><span class=\"a-list-item\">PERFORMANCE INCOMPARABLE : Moteur Ametek Lamb \u00e0 2 \u00e9tages de 750AW, 5,7\u00a0\u00bb (14.5 cm)<\/span><\/strong><\/li>\n<li>PUISSANCE D&rsquo;ASPIRATION : 146\u00a0\u00bb H2O MAX \/ 141,2 CFM MAX<\/li>\n<li><span class=\"a-list-item\">SYST\u00c8ME SILENCIEUX : 65 dB MAX<\/span><\/li>\n<li><span class=\"a-list-item\">DOUBLE ISOLATION PHONIQUE : Mousse isolante et silencieux int\u00e9gr\u00e9 pour une r\u00e9duction optimale du bruit<\/span><\/li>\n<li><span class=\"a-list-item\">SYST\u00c8ME DE FILTRATION CYCLONIQUE AUTONETTOYANT : Peut \u00eatre utilis\u00e9 avec ou sans sac de filtration jetable. Filtre jusqu&rsquo;\u00e0 99,99%<\/span><\/li>\n<li>TECHNOLOGIE MARCHE \/ ARR\u00caT PROGRESSIF : Prolonge la dur\u00e9e de vie du moteur de 20%<\/li>\n<li>INDICATEUR DEL : Affiche l&rsquo;\u00e9tat de l&rsquo;unit\u00e9 et un rappel pour vider la cuve<\/li>\n<li>CUVE \u00c0 CHARGEMENT INFERIEUR: 32L (8,45 Gal.), Retrait facile quel que soit l\u2019endroit d\u2019installation<\/li>\n<li>DOUBLE ENTR\u00c9E D&rsquo;AIR LAT\u00c9RALE : Facile \u00e0 installer sur tout r\u00e9seau de tuyauterie existant<\/li>\n<li>CUVE EN ALUMINIUM POLI : Ne rouille pas \/ L\u00e9ger \/ Lisse et brillant<\/li>\n<li><span class=\"a-list-item\">SYST\u00c8ME DE FILTRATION HYBRIDE : 1 sac de filtration jetable \u00e0 triple \u00e9paisseurs inclus &#8211; 1 filtre HEPA v\u00e9ritable autonettoyant inclus (pour un fonctionnement sans sac)<\/span><\/li>\n<li>Dimensions : P 13,25\u2019\u2019 x H 37,26\u2019\u2019 x L 17.25\u2019\u2019 (P 33.66 cm x H 94.64 cm x L 43.82 cm)<\/li>\n<li>GARANTIE: 15 ans<\/li>\n<\/ul>\n","protected":false},"excerpt":{"rendered":"<h3>879.75 $<\/h3>\n<p><a href=\"https:\/\/nadair.com\/vacuum\/fr\/detaillants\/\"><img decoding=\"async\" class=\"alignnone wp-image-5231\" src=\"https:\/\/nadair.com\/vacuum\/wp-content\/uploads\/sites\/2\/2025\/02\/Dealer-button-FR.jpg\" alt=\"\" width=\"197\" height=\"36\" \/><\/a>. \u00a0\u00a0 \u00a0<a href=\"https:\/\/nadair.com\/vacuum\/fr\/produit\/systeme-intelligent-pour-maisons-a-grandes-surfaces-750-aw\/\"><img decoding=\"async\" class=\"alignnone wp-image-5233\" src=\"https:\/\/nadair.com\/vacuum\/wp-content\/uploads\/sites\/2\/2025\/02\/LEARN-MOR-BUTTON-FR.jpg\" alt=\"\" width=\"207\" height=\"38\" \/><\/a><\/p>\n<p>&nbsp;<\/p>\n<p>&nbsp;<\/p>\n","protected":false},"featured_media":5156,"comment_status":"closed","ping_status":"closed","template":"","meta":{"_acf_changed":false},"product_brand":[],"product_cat":[128],"product_tag":[],"class_list":{"0":"post-4438","1":"product","2":"type-product","3":"status-publish","4":"has-post-thumbnail","6":"product_cat-serie-super-duty","8":"first","9":"instock","10":"taxable","11":"shipping-taxable","12":"product-type-simple"},"acf":[],"yoast_head":"<!-- This site is optimized with the Yoast SEO plugin v26.6 - https:\/\/yoast.com\/wordpress\/plugins\/seo\/ -->\n<title>Syst\u00e8me d&#039;aspirateur central intelligent de 750 AIRWATTS, filtration hybride autonettoyante, 32L \/ 8,45 Gal., contr\u00f4lez votre aspirateur central avec un appareil intelligent - Nadair Central Vacuum<\/title>\n<meta name=\"robots\" content=\"index, follow, max-snippet:-1, max-image-preview:large, max-video-preview:-1\" \/>\n<link rel=\"canonical\" href=\"https:\/\/nadair.com\/vacuum\/fr\/produit\/systeme-intelligent-pour-maisons-a-grandes-surfaces-750-aw\/\" \/>\n<meta property=\"og:locale\" content=\"fr_FR\" \/>\n<meta property=\"og:type\" content=\"article\" \/>\n<meta property=\"og:title\" content=\"Syst\u00e8me d&#039;aspirateur central intelligent de 750 AIRWATTS, filtration hybride autonettoyante, 32L \/ 8,45 Gal., contr\u00f4lez votre aspirateur central avec un appareil intelligent - Nadair Central Vacuum\" \/>\n<meta property=\"og:description\" content=\"879.75 $ . \u00a0\u00a0 \u00a0  &nbsp;  &nbsp;\" \/>\n<meta property=\"og:url\" content=\"https:\/\/nadair.com\/vacuum\/fr\/produit\/systeme-intelligent-pour-maisons-a-grandes-surfaces-750-aw\/\" \/>\n<meta property=\"og:site_name\" content=\"Nadair Central Vacuum\" \/>\n<meta property=\"article:modified_time\" content=\"2025-03-03T12:34:30+00:00\" \/>\n<meta property=\"og:image\" content=\"https:\/\/nadair.com\/vacuum\/wp-content\/uploads\/sites\/2\/2025\/02\/SD-750SM-32H-FR-scaled.jpg\" \/>\n\t<meta property=\"og:image:width\" content=\"2560\" \/>\n\t<meta property=\"og:image:height\" content=\"2560\" \/>\n\t<meta property=\"og:image:type\" content=\"image\/jpeg\" \/>\n<meta name=\"twitter:card\" content=\"summary_large_image\" \/>\n<meta name=\"twitter:label1\" content=\"Dur\u00e9e de lecture estim\u00e9e\" \/>\n\t<meta name=\"twitter:data1\" content=\"2 minutes\" \/>\n<script type=\"application\/ld+json\" class=\"yoast-schema-graph\">{\"@context\":\"https:\/\/schema.org\",\"@graph\":[{\"@type\":\"WebPage\",\"@id\":\"https:\/\/nadair.com\/vacuum\/fr\/produit\/systeme-intelligent-pour-maisons-a-grandes-surfaces-750-aw\/\",\"url\":\"https:\/\/nadair.com\/vacuum\/fr\/produit\/systeme-intelligent-pour-maisons-a-grandes-surfaces-750-aw\/\",\"name\":\"Syst\u00e8me d'aspirateur central intelligent de 750 AIRWATTS, filtration hybride autonettoyante, 32L \/ 8,45 Gal., contr\u00f4lez votre aspirateur central avec un appareil intelligent - Nadair Central Vacuum\",\"isPartOf\":{\"@id\":\"https:\/\/nadair.com\/vacuum\/#website\"},\"primaryImageOfPage\":{\"@id\":\"https:\/\/nadair.com\/vacuum\/fr\/produit\/systeme-intelligent-pour-maisons-a-grandes-surfaces-750-aw\/#primaryimage\"},\"image\":{\"@id\":\"https:\/\/nadair.com\/vacuum\/fr\/produit\/systeme-intelligent-pour-maisons-a-grandes-surfaces-750-aw\/#primaryimage\"},\"thumbnailUrl\":\"https:\/\/i0.wp.com\/nadair.com\/vacuum\/wp-content\/uploads\/sites\/2\/2025\/02\/SD-750SM-32H-FR-scaled.jpg?fit=2560%2C2560&ssl=1\",\"datePublished\":\"2025-01-21T15:11:05+00:00\",\"dateModified\":\"2025-03-03T12:34:30+00:00\",\"breadcrumb\":{\"@id\":\"https:\/\/nadair.com\/vacuum\/fr\/produit\/systeme-intelligent-pour-maisons-a-grandes-surfaces-750-aw\/#breadcrumb\"},\"inLanguage\":\"fr-FR\",\"potentialAction\":[{\"@type\":\"ReadAction\",\"target\":[\"https:\/\/nadair.com\/vacuum\/fr\/produit\/systeme-intelligent-pour-maisons-a-grandes-surfaces-750-aw\/\"]}]},{\"@type\":\"ImageObject\",\"inLanguage\":\"fr-FR\",\"@id\":\"https:\/\/nadair.com\/vacuum\/fr\/produit\/systeme-intelligent-pour-maisons-a-grandes-surfaces-750-aw\/#primaryimage\",\"url\":\"https:\/\/i0.wp.com\/nadair.com\/vacuum\/wp-content\/uploads\/sites\/2\/2025\/02\/SD-750SM-32H-FR-scaled.jpg?fit=2560%2C2560&ssl=1\",\"contentUrl\":\"https:\/\/i0.wp.com\/nadair.com\/vacuum\/wp-content\/uploads\/sites\/2\/2025\/02\/SD-750SM-32H-FR-scaled.jpg?fit=2560%2C2560&ssl=1\",\"width\":2560,\"height\":2560},{\"@type\":\"BreadcrumbList\",\"@id\":\"https:\/\/nadair.com\/vacuum\/fr\/produit\/systeme-intelligent-pour-maisons-a-grandes-surfaces-750-aw\/#breadcrumb\",\"itemListElement\":[{\"@type\":\"ListItem\",\"position\":1,\"name\":\"Home\",\"item\":\"https:\/\/nadair.com\/vacuum\/fr\/\"},{\"@type\":\"ListItem\",\"position\":2,\"name\":\"Boutique\",\"item\":\"https:\/\/nadair.com\/vacuum\/shop\/\"},{\"@type\":\"ListItem\",\"position\":3,\"name\":\"Syst\u00e8me d&#8217;aspirateur central intelligent de 750 AIRWATTS, filtration hybride autonettoyante, 32L \/ 8,45 Gal., contr\u00f4lez votre aspirateur central avec un appareil intelligent\"}]},{\"@type\":\"WebSite\",\"@id\":\"https:\/\/nadair.com\/vacuum\/#website\",\"url\":\"https:\/\/nadair.com\/vacuum\/\",\"name\":\"Nadair Central Vacuum\",\"description\":\"\",\"publisher\":{\"@id\":\"https:\/\/nadair.com\/vacuum\/#organization\"},\"potentialAction\":[{\"@type\":\"SearchAction\",\"target\":{\"@type\":\"EntryPoint\",\"urlTemplate\":\"https:\/\/nadair.com\/vacuum\/?s={search_term_string}\"},\"query-input\":{\"@type\":\"PropertyValueSpecification\",\"valueRequired\":true,\"valueName\":\"search_term_string\"}}],\"inLanguage\":\"fr-FR\"},{\"@type\":\"Organization\",\"@id\":\"https:\/\/nadair.com\/vacuum\/#organization\",\"name\":\"Nadair\",\"url\":\"https:\/\/nadair.com\/vacuum\/\",\"logo\":{\"@type\":\"ImageObject\",\"inLanguage\":\"fr-FR\",\"@id\":\"https:\/\/nadair.com\/vacuum\/#\/schema\/logo\/image\/\",\"url\":\"https:\/\/i0.wp.com\/nadair.com\/vacuum\/wp-content\/uploads\/sites\/2\/2019\/11\/nadaire_fernetre.png?fit=202%2C98&ssl=1\",\"contentUrl\":\"https:\/\/i0.wp.com\/nadair.com\/vacuum\/wp-content\/uploads\/sites\/2\/2019\/11\/nadaire_fernetre.png?fit=202%2C98&ssl=1\",\"width\":202,\"height\":98,\"caption\":\"Nadair\"},\"image\":{\"@id\":\"https:\/\/nadair.com\/vacuum\/#\/schema\/logo\/image\/\"}}]}<\/script>\n<!-- \/ Yoast SEO plugin. -->","yoast_head_json":{"title":"Syst\u00e8me d'aspirateur central intelligent de 750 AIRWATTS, filtration hybride autonettoyante, 32L \/ 8,45 Gal., contr\u00f4lez votre aspirateur central avec un appareil intelligent - Nadair Central Vacuum","robots":{"index":"index","follow":"follow","max-snippet":"max-snippet:-1","max-image-preview":"max-image-preview:large","max-video-preview":"max-video-preview:-1"},"canonical":"https:\/\/nadair.com\/vacuum\/fr\/produit\/systeme-intelligent-pour-maisons-a-grandes-surfaces-750-aw\/","og_locale":"fr_FR","og_type":"article","og_title":"Syst\u00e8me d'aspirateur central intelligent de 750 AIRWATTS, filtration hybride autonettoyante, 32L \/ 8,45 Gal., contr\u00f4lez votre aspirateur central avec un appareil intelligent - Nadair Central Vacuum","og_description":"879.75 $ . \u00a0\u00a0 \u00a0  &nbsp;  &nbsp;","og_url":"https:\/\/nadair.com\/vacuum\/fr\/produit\/systeme-intelligent-pour-maisons-a-grandes-surfaces-750-aw\/","og_site_name":"Nadair Central Vacuum","article_modified_time":"2025-03-03T12:34:30+00:00","og_image":[{"width":2560,"height":2560,"url":"https:\/\/nadair.com\/vacuum\/wp-content\/uploads\/sites\/2\/2025\/02\/SD-750SM-32H-FR-scaled.jpg","type":"image\/jpeg"}],"twitter_card":"summary_large_image","twitter_misc":{"Dur\u00e9e de lecture estim\u00e9e":"2 minutes"},"schema":{"@context":"https:\/\/schema.org","@graph":[{"@type":"WebPage","@id":"https:\/\/nadair.com\/vacuum\/fr\/produit\/systeme-intelligent-pour-maisons-a-grandes-surfaces-750-aw\/","url":"https:\/\/nadair.com\/vacuum\/fr\/produit\/systeme-intelligent-pour-maisons-a-grandes-surfaces-750-aw\/","name":"Syst\u00e8me d'aspirateur central intelligent de 750 AIRWATTS, filtration hybride autonettoyante, 32L \/ 8,45 Gal., contr\u00f4lez votre aspirateur central avec un appareil intelligent - Nadair Central Vacuum","isPartOf":{"@id":"https:\/\/nadair.com\/vacuum\/#website"},"primaryImageOfPage":{"@id":"https:\/\/nadair.com\/vacuum\/fr\/produit\/systeme-intelligent-pour-maisons-a-grandes-surfaces-750-aw\/#primaryimage"},"image":{"@id":"https:\/\/nadair.com\/vacuum\/fr\/produit\/systeme-intelligent-pour-maisons-a-grandes-surfaces-750-aw\/#primaryimage"},"thumbnailUrl":"https:\/\/i0.wp.com\/nadair.com\/vacuum\/wp-content\/uploads\/sites\/2\/2025\/02\/SD-750SM-32H-FR-scaled.jpg?fit=2560%2C2560&ssl=1","datePublished":"2025-01-21T15:11:05+00:00","dateModified":"2025-03-03T12:34:30+00:00","breadcrumb":{"@id":"https:\/\/nadair.com\/vacuum\/fr\/produit\/systeme-intelligent-pour-maisons-a-grandes-surfaces-750-aw\/#breadcrumb"},"inLanguage":"fr-FR","potentialAction":[{"@type":"ReadAction","target":["https:\/\/nadair.com\/vacuum\/fr\/produit\/systeme-intelligent-pour-maisons-a-grandes-surfaces-750-aw\/"]}]},{"@type":"ImageObject","inLanguage":"fr-FR","@id":"https:\/\/nadair.com\/vacuum\/fr\/produit\/systeme-intelligent-pour-maisons-a-grandes-surfaces-750-aw\/#primaryimage","url":"https:\/\/i0.wp.com\/nadair.com\/vacuum\/wp-content\/uploads\/sites\/2\/2025\/02\/SD-750SM-32H-FR-scaled.jpg?fit=2560%2C2560&ssl=1","contentUrl":"https:\/\/i0.wp.com\/nadair.com\/vacuum\/wp-content\/uploads\/sites\/2\/2025\/02\/SD-750SM-32H-FR-scaled.jpg?fit=2560%2C2560&ssl=1","width":2560,"height":2560},{"@type":"BreadcrumbList","@id":"https:\/\/nadair.com\/vacuum\/fr\/produit\/systeme-intelligent-pour-maisons-a-grandes-surfaces-750-aw\/#breadcrumb","itemListElement":[{"@type":"ListItem","position":1,"name":"Home","item":"https:\/\/nadair.com\/vacuum\/fr\/"},{"@type":"ListItem","position":2,"name":"Boutique","item":"https:\/\/nadair.com\/vacuum\/shop\/"},{"@type":"ListItem","position":3,"name":"Syst\u00e8me d&#8217;aspirateur central intelligent de 750 AIRWATTS, filtration hybride autonettoyante, 32L \/ 8,45 Gal., contr\u00f4lez votre aspirateur central avec un appareil intelligent"}]},{"@type":"WebSite","@id":"https:\/\/nadair.com\/vacuum\/#website","url":"https:\/\/nadair.com\/vacuum\/","name":"Nadair Central Vacuum","description":"","publisher":{"@id":"https:\/\/nadair.com\/vacuum\/#organization"},"potentialAction":[{"@type":"SearchAction","target":{"@type":"EntryPoint","urlTemplate":"https:\/\/nadair.com\/vacuum\/?s={search_term_string}"},"query-input":{"@type":"PropertyValueSpecification","valueRequired":true,"valueName":"search_term_string"}}],"inLanguage":"fr-FR"},{"@type":"Organization","@id":"https:\/\/nadair.com\/vacuum\/#organization","name":"Nadair","url":"https:\/\/nadair.com\/vacuum\/","logo":{"@type":"ImageObject","inLanguage":"fr-FR","@id":"https:\/\/nadair.com\/vacuum\/#\/schema\/logo\/image\/","url":"https:\/\/i0.wp.com\/nadair.com\/vacuum\/wp-content\/uploads\/sites\/2\/2019\/11\/nadaire_fernetre.png?fit=202%2C98&ssl=1","contentUrl":"https:\/\/i0.wp.com\/nadair.com\/vacuum\/wp-content\/uploads\/sites\/2\/2019\/11\/nadaire_fernetre.png?fit=202%2C98&ssl=1","width":202,"height":98,"caption":"Nadair"},"image":{"@id":"https:\/\/nadair.com\/vacuum\/#\/schema\/logo\/image\/"}}]}},"jetpack_sharing_enabled":true,"_links":{"self":[{"href":"https:\/\/nadair.com\/vacuum\/fr\/wp-json\/wp\/v2\/product\/4438","targetHints":{"allow":["GET"]}}],"collection":[{"href":"https:\/\/nadair.com\/vacuum\/fr\/wp-json\/wp\/v2\/product"}],"about":[{"href":"https:\/\/nadair.com\/vacuum\/fr\/wp-json\/wp\/v2\/types\/product"}],"replies":[{"embeddable":true,"href":"https:\/\/nadair.com\/vacuum\/fr\/wp-json\/wp\/v2\/comments?post=4438"}],"wp:featuredmedia":[{"embeddable":true,"href":"https:\/\/nadair.com\/vacuum\/fr\/wp-json\/wp\/v2\/media\/5156"}],"wp:attachment":[{"href":"https:\/\/nadair.com\/vacuum\/fr\/wp-json\/wp\/v2\/media?parent=4438"}],"wp:term":[{"taxonomy":"product_brand","embeddable":true,"href":"https:\/\/nadair.com\/vacuum\/fr\/wp-json\/wp\/v2\/product_brand?post=4438"},{"taxonomy":"product_cat","embeddable":true,"href":"https:\/\/nadair.com\/vacuum\/fr\/wp-json\/wp\/v2\/product_cat?post=4438"},{"taxonomy":"product_tag","embeddable":true,"href":"https:\/\/nadair.com\/vacuum\/fr\/wp-json\/wp\/v2\/product_tag?post=4438"}],"curies":[{"name":"wp","href":"https:\/\/api.w.org\/{rel}","templated":true}]}}