{"id":4442,"date":"2025-01-21T10:32:18","date_gmt":"2025-01-21T15:32:18","guid":{"rendered":"https:\/\/nadair.com\/vacuum\/?post_type=product&#038;p=4442"},"modified":"2025-03-03T07:31:26","modified_gmt":"2025-03-03T12:31:26","slug":"systeme-compact-600-aw","status":"publish","type":"product","link":"https:\/\/nadair.com\/vacuum\/fr\/produit\/systeme-compact-600-aw\/","title":{"rendered":"Syst\u00e8me d&rsquo;aspirateur central compact 600 AW, cuve de 18 L \/ 4,75 gal. \u00c0 utiliser en permanence avec un sac jetable et un filtre de protection permanent"},"content":{"rendered":"<ul>\n<li><span class=\"a-list-item\">PUISSANT : Moteur de 600 AW, 5,7 \u00ab  \u00bb \u00e0 2 \u00e9tages  <\/span><\/li>\n<li><span class=\"a-list-item\">SYST\u00c8ME SILENCIEUX : Silencieux int\u00e9gr\u00e9 et mousse insonorisante ajout\u00e9e dans le compartiment moteur<\/span><\/li>\n<li><span class=\"a-list-item\">UNIQUEMENT AVEC SAC JETABLE : Doit \u00eatre utilis\u00e9 en permanence avec un sac jetable et des filtres de protection permanents<\/span><\/li>\n<li>INDICATEUR LED : Affiche l&rsquo;\u00e9tat de l&rsquo;unit\u00e9<\/li>\n<li>R\u00c9SERVOIR \u00c0 CHARGEMENT PAR LE HAUT : Retrait ais\u00e9 quel que soit l&#8217;emplacement d&rsquo;installation<\/li>\n<li>CORPS EN ACIER ROUL\u00c9 : R\u00e9sistant \u00e0 l&rsquo;usure, \u00e0 la corrosion et aux dommages \/ Augmente la dur\u00e9e de vie de l&rsquo;unit\u00e9<\/li>\n<li><span class=\"a-list-item\">FILTRATION : 1 sac de filtration jetable \u00e0 triple couche obligatoire inclus &#8211; 1 filtre de protection permanent obligatoire inclus <\/span><\/li>\n<li>COMPACT : Con\u00e7u pour s&rsquo;adapter parfaitement aux espaces \u00e9troits<\/li>\n<li>P 11,42 \u00ab  \u00bb x H 19,48 \u00ab  \u00bb x L 11,942 \u00ab  \u00bb<\/li>\n<li>Garantie de 10 ans<\/li>\n<\/ul>\n","protected":false},"excerpt":{"rendered":"<h3>499,99 $<\/h3>\n<p><a href=\"https:\/\/nadair.com\/vacuum\/fr\/detaillants\/\"><img decoding=\"async\" class=\"alignnone wp-image-4318\" src=\"https:\/\/nadair.com\/vacuum\/wp-content\/uploads\/sites\/2\/2022\/12\/Dealer-button.jpg\" alt=\"\" width=\"207\" height=\"38\">.  <\/a><a href=\"https:\/\/nadair.com\/vacuum\/product\/compact-vacuum-system-600-aw-18l-4-75-gal-canister\/\"><img decoding=\"async\" class=\"alignnone wp-image-4567\" src=\"https:\/\/nadair.com\/vacuum\/wp-content\/uploads\/sites\/2\/2025\/01\/LEARN-MOR-BUTTON.jpg\" alt=\"\" width=\"207\" height=\"38\"><\/a><\/p>\n","protected":false},"featured_media":5160,"comment_status":"closed","ping_status":"closed","template":"","meta":{"_acf_changed":false},"product_brand":[],"product_cat":[130],"product_tag":[],"class_list":{"0":"post-4442","1":"product","2":"type-product","3":"status-publish","4":"has-post-thumbnail","6":"product_cat-serie-st-fr-2","8":"first","9":"instock","10":"taxable","11":"shipping-taxable","12":"product-type-simple"},"acf":[],"yoast_head":"<!-- This site is optimized with the Yoast SEO plugin v26.6 - https:\/\/yoast.com\/wordpress\/plugins\/seo\/ -->\n<title>Syst\u00e8me d&#039;aspirateur central compact 600 AW, cuve de 18 L \/ 4,75 gal. \u00c0 utiliser en permanence avec un sac jetable et un filtre de protection permanent - Nadair Central Vacuum<\/title>\n<meta name=\"robots\" content=\"index, follow, max-snippet:-1, max-image-preview:large, max-video-preview:-1\" \/>\n<link rel=\"canonical\" href=\"https:\/\/nadair.com\/vacuum\/fr\/produit\/systeme-compact-600-aw\/\" \/>\n<meta property=\"og:locale\" content=\"fr_FR\" \/>\n<meta property=\"og:type\" content=\"article\" \/>\n<meta property=\"og:title\" content=\"Syst\u00e8me d&#039;aspirateur central compact 600 AW, cuve de 18 L \/ 4,75 gal. \u00c0 utiliser en permanence avec un sac jetable et un filtre de protection permanent - Nadair Central Vacuum\" \/>\n<meta property=\"og:description\" content=\"499,99 $ .\" \/>\n<meta property=\"og:url\" content=\"https:\/\/nadair.com\/vacuum\/fr\/produit\/systeme-compact-600-aw\/\" \/>\n<meta property=\"og:site_name\" content=\"Nadair Central Vacuum\" \/>\n<meta property=\"article:modified_time\" content=\"2025-03-03T12:31:26+00:00\" \/>\n<meta property=\"og:image\" content=\"https:\/\/i0.wp.com\/nadair.com\/vacuum\/wp-content\/uploads\/sites\/2\/2025\/02\/ST-600-18B-FR-scaled.jpg?fit=2560%2C2560&ssl=1\" \/>\n\t<meta property=\"og:image:width\" content=\"2560\" \/>\n\t<meta property=\"og:image:height\" content=\"2560\" \/>\n\t<meta property=\"og:image:type\" content=\"image\/jpeg\" \/>\n<meta name=\"twitter:card\" content=\"summary_large_image\" \/>\n<meta name=\"twitter:label1\" content=\"Dur\u00e9e de lecture estim\u00e9e\" \/>\n\t<meta name=\"twitter:data1\" content=\"1 minute\" \/>\n<script type=\"application\/ld+json\" class=\"yoast-schema-graph\">{\"@context\":\"https:\/\/schema.org\",\"@graph\":[{\"@type\":\"WebPage\",\"@id\":\"https:\/\/nadair.com\/vacuum\/fr\/produit\/systeme-compact-600-aw\/\",\"url\":\"https:\/\/nadair.com\/vacuum\/fr\/produit\/systeme-compact-600-aw\/\",\"name\":\"Syst\u00e8me d'aspirateur central compact 600 AW, cuve de 18 L \/ 4,75 gal. \u00c0 utiliser en permanence avec un sac jetable et un filtre de protection permanent - Nadair Central Vacuum\",\"isPartOf\":{\"@id\":\"https:\/\/nadair.com\/vacuum\/#website\"},\"primaryImageOfPage\":{\"@id\":\"https:\/\/nadair.com\/vacuum\/fr\/produit\/systeme-compact-600-aw\/#primaryimage\"},\"image\":{\"@id\":\"https:\/\/nadair.com\/vacuum\/fr\/produit\/systeme-compact-600-aw\/#primaryimage\"},\"thumbnailUrl\":\"https:\/\/i0.wp.com\/nadair.com\/vacuum\/wp-content\/uploads\/sites\/2\/2025\/02\/ST-600-18B-FR-scaled.jpg?fit=2560%2C2560&ssl=1\",\"datePublished\":\"2025-01-21T15:32:18+00:00\",\"dateModified\":\"2025-03-03T12:31:26+00:00\",\"breadcrumb\":{\"@id\":\"https:\/\/nadair.com\/vacuum\/fr\/produit\/systeme-compact-600-aw\/#breadcrumb\"},\"inLanguage\":\"fr-FR\",\"potentialAction\":[{\"@type\":\"ReadAction\",\"target\":[\"https:\/\/nadair.com\/vacuum\/fr\/produit\/systeme-compact-600-aw\/\"]}]},{\"@type\":\"ImageObject\",\"inLanguage\":\"fr-FR\",\"@id\":\"https:\/\/nadair.com\/vacuum\/fr\/produit\/systeme-compact-600-aw\/#primaryimage\",\"url\":\"https:\/\/i0.wp.com\/nadair.com\/vacuum\/wp-content\/uploads\/sites\/2\/2025\/02\/ST-600-18B-FR-scaled.jpg?fit=2560%2C2560&ssl=1\",\"contentUrl\":\"https:\/\/i0.wp.com\/nadair.com\/vacuum\/wp-content\/uploads\/sites\/2\/2025\/02\/ST-600-18B-FR-scaled.jpg?fit=2560%2C2560&ssl=1\",\"width\":2560,\"height\":2560},{\"@type\":\"BreadcrumbList\",\"@id\":\"https:\/\/nadair.com\/vacuum\/fr\/produit\/systeme-compact-600-aw\/#breadcrumb\",\"itemListElement\":[{\"@type\":\"ListItem\",\"position\":1,\"name\":\"Home\",\"item\":\"https:\/\/nadair.com\/vacuum\/fr\/\"},{\"@type\":\"ListItem\",\"position\":2,\"name\":\"Boutique\",\"item\":\"https:\/\/nadair.com\/vacuum\/shop\/\"},{\"@type\":\"ListItem\",\"position\":3,\"name\":\"Syst\u00e8me d&rsquo;aspirateur central compact 600 AW, cuve de 18 L \/ 4,75 gal. \u00c0 utiliser en permanence avec un sac jetable et un filtre de protection permanent\"}]},{\"@type\":\"WebSite\",\"@id\":\"https:\/\/nadair.com\/vacuum\/#website\",\"url\":\"https:\/\/nadair.com\/vacuum\/\",\"name\":\"Nadair Central Vacuum\",\"description\":\"\",\"publisher\":{\"@id\":\"https:\/\/nadair.com\/vacuum\/#organization\"},\"potentialAction\":[{\"@type\":\"SearchAction\",\"target\":{\"@type\":\"EntryPoint\",\"urlTemplate\":\"https:\/\/nadair.com\/vacuum\/?s={search_term_string}\"},\"query-input\":{\"@type\":\"PropertyValueSpecification\",\"valueRequired\":true,\"valueName\":\"search_term_string\"}}],\"inLanguage\":\"fr-FR\"},{\"@type\":\"Organization\",\"@id\":\"https:\/\/nadair.com\/vacuum\/#organization\",\"name\":\"Nadair\",\"url\":\"https:\/\/nadair.com\/vacuum\/\",\"logo\":{\"@type\":\"ImageObject\",\"inLanguage\":\"fr-FR\",\"@id\":\"https:\/\/nadair.com\/vacuum\/#\/schema\/logo\/image\/\",\"url\":\"https:\/\/i0.wp.com\/nadair.com\/vacuum\/wp-content\/uploads\/sites\/2\/2019\/11\/nadaire_fernetre.png?fit=202%2C98&ssl=1\",\"contentUrl\":\"https:\/\/i0.wp.com\/nadair.com\/vacuum\/wp-content\/uploads\/sites\/2\/2019\/11\/nadaire_fernetre.png?fit=202%2C98&ssl=1\",\"width\":202,\"height\":98,\"caption\":\"Nadair\"},\"image\":{\"@id\":\"https:\/\/nadair.com\/vacuum\/#\/schema\/logo\/image\/\"}}]}<\/script>\n<!-- \/ Yoast SEO plugin. -->","yoast_head_json":{"title":"Syst\u00e8me d'aspirateur central compact 600 AW, cuve de 18 L \/ 4,75 gal. \u00c0 utiliser en permanence avec un sac jetable et un filtre de protection permanent - Nadair Central Vacuum","robots":{"index":"index","follow":"follow","max-snippet":"max-snippet:-1","max-image-preview":"max-image-preview:large","max-video-preview":"max-video-preview:-1"},"canonical":"https:\/\/nadair.com\/vacuum\/fr\/produit\/systeme-compact-600-aw\/","og_locale":"fr_FR","og_type":"article","og_title":"Syst\u00e8me d'aspirateur central compact 600 AW, cuve de 18 L \/ 4,75 gal. \u00c0 utiliser en permanence avec un sac jetable et un filtre de protection permanent - Nadair Central Vacuum","og_description":"499,99 $ .","og_url":"https:\/\/nadair.com\/vacuum\/fr\/produit\/systeme-compact-600-aw\/","og_site_name":"Nadair Central Vacuum","article_modified_time":"2025-03-03T12:31:26+00:00","og_image":[{"width":2560,"height":2560,"url":"https:\/\/i0.wp.com\/nadair.com\/vacuum\/wp-content\/uploads\/sites\/2\/2025\/02\/ST-600-18B-FR-scaled.jpg?fit=2560%2C2560&ssl=1","type":"image\/jpeg"}],"twitter_card":"summary_large_image","twitter_misc":{"Dur\u00e9e de lecture estim\u00e9e":"1 minute"},"schema":{"@context":"https:\/\/schema.org","@graph":[{"@type":"WebPage","@id":"https:\/\/nadair.com\/vacuum\/fr\/produit\/systeme-compact-600-aw\/","url":"https:\/\/nadair.com\/vacuum\/fr\/produit\/systeme-compact-600-aw\/","name":"Syst\u00e8me d'aspirateur central compact 600 AW, cuve de 18 L \/ 4,75 gal. \u00c0 utiliser en permanence avec un sac jetable et un filtre de protection permanent - Nadair Central Vacuum","isPartOf":{"@id":"https:\/\/nadair.com\/vacuum\/#website"},"primaryImageOfPage":{"@id":"https:\/\/nadair.com\/vacuum\/fr\/produit\/systeme-compact-600-aw\/#primaryimage"},"image":{"@id":"https:\/\/nadair.com\/vacuum\/fr\/produit\/systeme-compact-600-aw\/#primaryimage"},"thumbnailUrl":"https:\/\/i0.wp.com\/nadair.com\/vacuum\/wp-content\/uploads\/sites\/2\/2025\/02\/ST-600-18B-FR-scaled.jpg?fit=2560%2C2560&ssl=1","datePublished":"2025-01-21T15:32:18+00:00","dateModified":"2025-03-03T12:31:26+00:00","breadcrumb":{"@id":"https:\/\/nadair.com\/vacuum\/fr\/produit\/systeme-compact-600-aw\/#breadcrumb"},"inLanguage":"fr-FR","potentialAction":[{"@type":"ReadAction","target":["https:\/\/nadair.com\/vacuum\/fr\/produit\/systeme-compact-600-aw\/"]}]},{"@type":"ImageObject","inLanguage":"fr-FR","@id":"https:\/\/nadair.com\/vacuum\/fr\/produit\/systeme-compact-600-aw\/#primaryimage","url":"https:\/\/i0.wp.com\/nadair.com\/vacuum\/wp-content\/uploads\/sites\/2\/2025\/02\/ST-600-18B-FR-scaled.jpg?fit=2560%2C2560&ssl=1","contentUrl":"https:\/\/i0.wp.com\/nadair.com\/vacuum\/wp-content\/uploads\/sites\/2\/2025\/02\/ST-600-18B-FR-scaled.jpg?fit=2560%2C2560&ssl=1","width":2560,"height":2560},{"@type":"BreadcrumbList","@id":"https:\/\/nadair.com\/vacuum\/fr\/produit\/systeme-compact-600-aw\/#breadcrumb","itemListElement":[{"@type":"ListItem","position":1,"name":"Home","item":"https:\/\/nadair.com\/vacuum\/fr\/"},{"@type":"ListItem","position":2,"name":"Boutique","item":"https:\/\/nadair.com\/vacuum\/shop\/"},{"@type":"ListItem","position":3,"name":"Syst\u00e8me d&rsquo;aspirateur central compact 600 AW, cuve de 18 L \/ 4,75 gal. \u00c0 utiliser en permanence avec un sac jetable et un filtre de protection permanent"}]},{"@type":"WebSite","@id":"https:\/\/nadair.com\/vacuum\/#website","url":"https:\/\/nadair.com\/vacuum\/","name":"Nadair Central Vacuum","description":"","publisher":{"@id":"https:\/\/nadair.com\/vacuum\/#organization"},"potentialAction":[{"@type":"SearchAction","target":{"@type":"EntryPoint","urlTemplate":"https:\/\/nadair.com\/vacuum\/?s={search_term_string}"},"query-input":{"@type":"PropertyValueSpecification","valueRequired":true,"valueName":"search_term_string"}}],"inLanguage":"fr-FR"},{"@type":"Organization","@id":"https:\/\/nadair.com\/vacuum\/#organization","name":"Nadair","url":"https:\/\/nadair.com\/vacuum\/","logo":{"@type":"ImageObject","inLanguage":"fr-FR","@id":"https:\/\/nadair.com\/vacuum\/#\/schema\/logo\/image\/","url":"https:\/\/i0.wp.com\/nadair.com\/vacuum\/wp-content\/uploads\/sites\/2\/2019\/11\/nadaire_fernetre.png?fit=202%2C98&ssl=1","contentUrl":"https:\/\/i0.wp.com\/nadair.com\/vacuum\/wp-content\/uploads\/sites\/2\/2019\/11\/nadaire_fernetre.png?fit=202%2C98&ssl=1","width":202,"height":98,"caption":"Nadair"},"image":{"@id":"https:\/\/nadair.com\/vacuum\/#\/schema\/logo\/image\/"}}]}},"jetpack_sharing_enabled":true,"_links":{"self":[{"href":"https:\/\/nadair.com\/vacuum\/fr\/wp-json\/wp\/v2\/product\/4442","targetHints":{"allow":["GET"]}}],"collection":[{"href":"https:\/\/nadair.com\/vacuum\/fr\/wp-json\/wp\/v2\/product"}],"about":[{"href":"https:\/\/nadair.com\/vacuum\/fr\/wp-json\/wp\/v2\/types\/product"}],"replies":[{"embeddable":true,"href":"https:\/\/nadair.com\/vacuum\/fr\/wp-json\/wp\/v2\/comments?post=4442"}],"wp:featuredmedia":[{"embeddable":true,"href":"https:\/\/nadair.com\/vacuum\/fr\/wp-json\/wp\/v2\/media\/5160"}],"wp:attachment":[{"href":"https:\/\/nadair.com\/vacuum\/fr\/wp-json\/wp\/v2\/media?parent=4442"}],"wp:term":[{"taxonomy":"product_brand","embeddable":true,"href":"https:\/\/nadair.com\/vacuum\/fr\/wp-json\/wp\/v2\/product_brand?post=4442"},{"taxonomy":"product_cat","embeddable":true,"href":"https:\/\/nadair.com\/vacuum\/fr\/wp-json\/wp\/v2\/product_cat?post=4442"},{"taxonomy":"product_tag","embeddable":true,"href":"https:\/\/nadair.com\/vacuum\/fr\/wp-json\/wp\/v2\/product_tag?post=4442"}],"curies":[{"name":"wp","href":"https:\/\/api.w.org\/{rel}","templated":true}]}}