{"id":4822,"date":"2025-01-26T08:44:16","date_gmt":"2025-01-26T13:44:17","guid":{"rendered":"https:\/\/nadair.com\/vacuum\/?post_type=product&#038;p=4822"},"modified":"2025-02-28T16:01:15","modified_gmt":"2025-02-28T21:01:15","slug":"sac-de-filtration-jetables","status":"publish","type":"product","link":"https:\/\/nadair.com\/vacuum\/fr\/produit\/sac-de-filtration-jetables\/","title":{"rendered":"Sacs de filtration jetables \u00e0 triple \u00e9paisseurs : 3 tailles disponibles : 12,5 L \/ 22,5 L \/ 45 L"},"content":{"rendered":"<p>3 tailles disponibles :<\/p>\n<ul>\n<li><strong>FD-12.5L-3NAD (Pour HD-750-22H ET ST-700-25H) (12,5 L)<\/strong><\/li>\n<li><strong>FD-22.5L-3NAD (Pour HD-750-32H ET ST-700-35H) (22,5 L)<\/strong><\/li>\n<li><strong>FD-45L-3NAD (Pour SD-750SM-32SF, SD-659-32SF ET SD-710-32SF) (45 L)<\/strong><\/li>\n<\/ul>\n<ul>\n<li><strong>Con\u00e7us pour pr\u00e9venir les d\u00e9chirures et la perte de poussi\u00e8re<\/strong><\/li>\n<li><strong>Filtre jusqu&rsquo;\u00e0 99,97 %<\/strong><\/li>\n<\/ul>\n<p>Ce que nos sacs jetables offrent :<\/p>\n<p><strong>1. Efficacit\u00e9 de filtration exceptionnelle<\/strong><br \/>\nLes sacs de filtration \u00e0 triple couche sont con\u00e7us pour pi\u00e9ger m\u00eame les particules fines, telles que les acariens, le pollen et les allerg\u00e8nes, offrant une meilleure qualit\u00e9 de l&rsquo;air int\u00e9rieur. Cette couche de filtration suppl\u00e9mentaire r\u00e9duit la quantit\u00e9 de d\u00e9bris atteignant le moteur ou l&rsquo;\u00e9chappement de l&rsquo;aspirateur central.<br \/>\n<strong>2. \u00c9limination hygi\u00e9nique<\/strong><br \/>\nLe sac contient la salet\u00e9 et les d\u00e9bris de mani\u00e8re s\u00e9curis\u00e9e, minimisant l&rsquo;exposition \u00e0 la poussi\u00e8re et aux allerg\u00e8nes lors de la vidange de l&rsquo;aspirateur. Cela le rend id\u00e9al pour les personnes souffrant d&rsquo;allergies ou celles ayant des sensibilit\u00e9s respiratoires.<br \/>\n<strong>3. Protection accrue du moteur<\/strong><br \/>\nEn pi\u00e9geant davantage de d\u00e9bris dans le sac, la conception \u00e0 triple couche emp\u00eache la salet\u00e9 et la poussi\u00e8re d&rsquo;atteindre et d&rsquo;endommager le moteur de l&rsquo;aspirateur, prolongeant ainsi la dur\u00e9e de vie du syst\u00e8me.<br \/>\n<strong>4. Entretien r\u00e9duit<\/strong><br \/>\nLa plupart des d\u00e9bris \u00e9tant captur\u00e9s dans le sac, il est moins n\u00e9cessaire de nettoyer ou de remplacer fr\u00e9quemment les filtres. Cela r\u00e9duit le temps et l&rsquo;effort d&rsquo;entretien global.<br \/>\n<strong>5. Puissance d&rsquo;aspiration plus durable<\/strong><br \/>\nLes sacs \u00e0 triple couche permettent un meilleur flux d&rsquo;air m\u00eame lorsqu&rsquo;ils se remplissent, assurant une performance d&rsquo;aspiration constante jusqu&rsquo;\u00e0 ce que le sac soit plein.<br \/>\n<strong>6. Capacit\u00e9 accrue<\/strong><br \/>\nLes sacs de filtration \u00e0 triple couche ont souvent une plus grande capacit\u00e9 que les sacs standard \u00e0 couche unique, ce qui signifie qu&rsquo;ils doivent \u00eatre remplac\u00e9s moins souvent, \u00e9conomisant ainsi du temps et des efforts.<br \/>\n<strong>7. Fuite de poussi\u00e8re minimis\u00e9e<\/strong><br \/>\nLa conception multicouche garantit que les particules fines sont efficacement pi\u00e9g\u00e9es, les emp\u00eachant de se r\u00e9pandre \u00e0 nouveau dans l&rsquo;air ou le syst\u00e8me.<br \/>\n<strong>8. Options \u00e9cologiques<\/strong><br \/>\nDe nombreux sacs de filtration \u00e0 triple couche sont fabriqu\u00e9s \u00e0 partir de mat\u00e9riaux biod\u00e9gradables ou recyclables, offrant un choix plus \u00e9cologique par rapport aux sacs standard.<br \/>\n<strong>9. Propret\u00e9 am\u00e9lior\u00e9e<\/strong><br \/>\nLe sac \u00e9tant jetable, il \u00e9limine le d\u00e9sordre associ\u00e9 au nettoyage des filtres permanents ou des bacs \u00e0 poussi\u00e8re, gardant vos mains et la zone de l&rsquo;aspirateur propres.<br \/>\n<strong>10. Id\u00e9al pour les espaces sensibles<\/strong><br \/>\nParfait pour les environnements o\u00f9 la propret\u00e9 est cruciale, tels que les foyers avec de jeunes enfants, des animaux domestiques ou des personnes sujettes aux allergies ou \u00e0 l&rsquo;asthme.<\/p>\n<p>&nbsp;<\/p>\n","protected":false},"excerpt":{"rendered":"<h3><\/h3>\n<p><a href=\"https:\/\/nadair.com\/vacuum\/retailers\/\"><img decoding=\"async\" class=\"alignnone wp-image-4318\" src=\"https:\/\/nadair.com\/vacuum\/wp-content\/uploads\/sites\/2\/2022\/12\/Dealer-button.jpg\" alt=\"\" width=\"207\" height=\"38\" \/> <\/a><a href=\"https:\/\/nadair.com\/vacuum\/product\/triple-lavers-disposable-filtration-bags\/\"><img decoding=\"async\" class=\"alignnone wp-image-4567\" src=\"https:\/\/nadair.com\/vacuum\/wp-content\/uploads\/sites\/2\/2025\/01\/LEARN-MOR-BUTTON.jpg\" alt=\"\" width=\"207\" height=\"38\" \/><\/a><\/p>\n<p>&nbsp;<\/p>\n","protected":false},"featured_media":4827,"comment_status":"closed","ping_status":"closed","template":"","meta":{"_acf_changed":false},"product_brand":[],"product_cat":[124],"product_tag":[],"class_list":{"0":"post-4822","1":"product","2":"type-product","3":"status-publish","4":"has-post-thumbnail","6":"product_cat-sacs-et-filtre","8":"first","9":"instock","10":"taxable","11":"shipping-taxable","12":"product-type-simple"},"acf":[],"yoast_head":"<!-- This site is optimized with the Yoast SEO plugin v26.6 - https:\/\/yoast.com\/wordpress\/plugins\/seo\/ -->\n<title>Sacs de filtration jetables \u00e0 triple \u00e9paisseurs : 3 tailles disponibles : 12,5 L \/ 22,5 L \/ 45 L - Nadair Central Vacuum<\/title>\n<meta name=\"robots\" content=\"index, follow, max-snippet:-1, max-image-preview:large, max-video-preview:-1\" \/>\n<link rel=\"canonical\" href=\"https:\/\/nadair.com\/vacuum\/fr\/produit\/sac-de-filtration-jetables\/\" \/>\n<meta property=\"og:locale\" content=\"fr_FR\" \/>\n<meta property=\"og:type\" content=\"article\" \/>\n<meta property=\"og:title\" content=\"Sacs de filtration jetables \u00e0 triple \u00e9paisseurs : 3 tailles disponibles : 12,5 L \/ 22,5 L \/ 45 L - Nadair Central Vacuum\" \/>\n<meta property=\"og:description\" content=\"&nbsp;\" \/>\n<meta property=\"og:url\" content=\"https:\/\/nadair.com\/vacuum\/fr\/produit\/sac-de-filtration-jetables\/\" \/>\n<meta property=\"og:site_name\" content=\"Nadair Central Vacuum\" \/>\n<meta property=\"article:modified_time\" content=\"2025-02-28T21:01:15+00:00\" \/>\n<meta property=\"og:image\" content=\"https:\/\/nadair.com\/vacuum\/wp-content\/uploads\/sites\/2\/2025\/01\/bag-2-scaled.jpg\" \/>\n\t<meta property=\"og:image:width\" content=\"2560\" \/>\n\t<meta property=\"og:image:height\" content=\"2560\" \/>\n\t<meta property=\"og:image:type\" content=\"image\/jpeg\" \/>\n<meta name=\"twitter:card\" content=\"summary_large_image\" \/>\n<meta name=\"twitter:label1\" content=\"Dur\u00e9e de lecture estim\u00e9e\" \/>\n\t<meta name=\"twitter:data1\" content=\"2 minutes\" \/>\n<script type=\"application\/ld+json\" class=\"yoast-schema-graph\">{\"@context\":\"https:\/\/schema.org\",\"@graph\":[{\"@type\":\"WebPage\",\"@id\":\"https:\/\/nadair.com\/vacuum\/fr\/produit\/sac-de-filtration-jetables\/\",\"url\":\"https:\/\/nadair.com\/vacuum\/fr\/produit\/sac-de-filtration-jetables\/\",\"name\":\"Sacs de filtration jetables \u00e0 triple \u00e9paisseurs : 3 tailles disponibles : 12,5 L \/ 22,5 L \/ 45 L - Nadair Central Vacuum\",\"isPartOf\":{\"@id\":\"https:\/\/nadair.com\/vacuum\/#website\"},\"primaryImageOfPage\":{\"@id\":\"https:\/\/nadair.com\/vacuum\/fr\/produit\/sac-de-filtration-jetables\/#primaryimage\"},\"image\":{\"@id\":\"https:\/\/nadair.com\/vacuum\/fr\/produit\/sac-de-filtration-jetables\/#primaryimage\"},\"thumbnailUrl\":\"https:\/\/i0.wp.com\/nadair.com\/vacuum\/wp-content\/uploads\/sites\/2\/2025\/01\/bag-2-scaled.jpg?fit=2560%2C2560&ssl=1\",\"datePublished\":\"2025-01-26T13:44:17+00:00\",\"dateModified\":\"2025-02-28T21:01:15+00:00\",\"breadcrumb\":{\"@id\":\"https:\/\/nadair.com\/vacuum\/fr\/produit\/sac-de-filtration-jetables\/#breadcrumb\"},\"inLanguage\":\"fr-FR\",\"potentialAction\":[{\"@type\":\"ReadAction\",\"target\":[\"https:\/\/nadair.com\/vacuum\/fr\/produit\/sac-de-filtration-jetables\/\"]}]},{\"@type\":\"ImageObject\",\"inLanguage\":\"fr-FR\",\"@id\":\"https:\/\/nadair.com\/vacuum\/fr\/produit\/sac-de-filtration-jetables\/#primaryimage\",\"url\":\"https:\/\/i0.wp.com\/nadair.com\/vacuum\/wp-content\/uploads\/sites\/2\/2025\/01\/bag-2-scaled.jpg?fit=2560%2C2560&ssl=1\",\"contentUrl\":\"https:\/\/i0.wp.com\/nadair.com\/vacuum\/wp-content\/uploads\/sites\/2\/2025\/01\/bag-2-scaled.jpg?fit=2560%2C2560&ssl=1\",\"width\":2560,\"height\":2560},{\"@type\":\"BreadcrumbList\",\"@id\":\"https:\/\/nadair.com\/vacuum\/fr\/produit\/sac-de-filtration-jetables\/#breadcrumb\",\"itemListElement\":[{\"@type\":\"ListItem\",\"position\":1,\"name\":\"Home\",\"item\":\"https:\/\/nadair.com\/vacuum\/fr\/\"},{\"@type\":\"ListItem\",\"position\":2,\"name\":\"Boutique\",\"item\":\"https:\/\/nadair.com\/vacuum\/shop\/\"},{\"@type\":\"ListItem\",\"position\":3,\"name\":\"Sacs de filtration jetables \u00e0 triple \u00e9paisseurs : 3 tailles disponibles : 12,5 L \/ 22,5 L \/ 45 L\"}]},{\"@type\":\"WebSite\",\"@id\":\"https:\/\/nadair.com\/vacuum\/#website\",\"url\":\"https:\/\/nadair.com\/vacuum\/\",\"name\":\"Nadair Central Vacuum\",\"description\":\"\",\"publisher\":{\"@id\":\"https:\/\/nadair.com\/vacuum\/#organization\"},\"potentialAction\":[{\"@type\":\"SearchAction\",\"target\":{\"@type\":\"EntryPoint\",\"urlTemplate\":\"https:\/\/nadair.com\/vacuum\/?s={search_term_string}\"},\"query-input\":{\"@type\":\"PropertyValueSpecification\",\"valueRequired\":true,\"valueName\":\"search_term_string\"}}],\"inLanguage\":\"fr-FR\"},{\"@type\":\"Organization\",\"@id\":\"https:\/\/nadair.com\/vacuum\/#organization\",\"name\":\"Nadair\",\"url\":\"https:\/\/nadair.com\/vacuum\/\",\"logo\":{\"@type\":\"ImageObject\",\"inLanguage\":\"fr-FR\",\"@id\":\"https:\/\/nadair.com\/vacuum\/#\/schema\/logo\/image\/\",\"url\":\"https:\/\/i0.wp.com\/nadair.com\/vacuum\/wp-content\/uploads\/sites\/2\/2019\/11\/nadaire_fernetre.png?fit=202%2C98&ssl=1\",\"contentUrl\":\"https:\/\/i0.wp.com\/nadair.com\/vacuum\/wp-content\/uploads\/sites\/2\/2019\/11\/nadaire_fernetre.png?fit=202%2C98&ssl=1\",\"width\":202,\"height\":98,\"caption\":\"Nadair\"},\"image\":{\"@id\":\"https:\/\/nadair.com\/vacuum\/#\/schema\/logo\/image\/\"}}]}<\/script>\n<!-- \/ Yoast SEO plugin. -->","yoast_head_json":{"title":"Sacs de filtration jetables \u00e0 triple \u00e9paisseurs : 3 tailles disponibles : 12,5 L \/ 22,5 L \/ 45 L - Nadair Central Vacuum","robots":{"index":"index","follow":"follow","max-snippet":"max-snippet:-1","max-image-preview":"max-image-preview:large","max-video-preview":"max-video-preview:-1"},"canonical":"https:\/\/nadair.com\/vacuum\/fr\/produit\/sac-de-filtration-jetables\/","og_locale":"fr_FR","og_type":"article","og_title":"Sacs de filtration jetables \u00e0 triple \u00e9paisseurs : 3 tailles disponibles : 12,5 L \/ 22,5 L \/ 45 L - Nadair Central Vacuum","og_description":"&nbsp;","og_url":"https:\/\/nadair.com\/vacuum\/fr\/produit\/sac-de-filtration-jetables\/","og_site_name":"Nadair Central Vacuum","article_modified_time":"2025-02-28T21:01:15+00:00","og_image":[{"width":2560,"height":2560,"url":"https:\/\/nadair.com\/vacuum\/wp-content\/uploads\/sites\/2\/2025\/01\/bag-2-scaled.jpg","type":"image\/jpeg"}],"twitter_card":"summary_large_image","twitter_misc":{"Dur\u00e9e de lecture estim\u00e9e":"2 minutes"},"schema":{"@context":"https:\/\/schema.org","@graph":[{"@type":"WebPage","@id":"https:\/\/nadair.com\/vacuum\/fr\/produit\/sac-de-filtration-jetables\/","url":"https:\/\/nadair.com\/vacuum\/fr\/produit\/sac-de-filtration-jetables\/","name":"Sacs de filtration jetables \u00e0 triple \u00e9paisseurs : 3 tailles disponibles : 12,5 L \/ 22,5 L \/ 45 L - Nadair Central Vacuum","isPartOf":{"@id":"https:\/\/nadair.com\/vacuum\/#website"},"primaryImageOfPage":{"@id":"https:\/\/nadair.com\/vacuum\/fr\/produit\/sac-de-filtration-jetables\/#primaryimage"},"image":{"@id":"https:\/\/nadair.com\/vacuum\/fr\/produit\/sac-de-filtration-jetables\/#primaryimage"},"thumbnailUrl":"https:\/\/i0.wp.com\/nadair.com\/vacuum\/wp-content\/uploads\/sites\/2\/2025\/01\/bag-2-scaled.jpg?fit=2560%2C2560&ssl=1","datePublished":"2025-01-26T13:44:17+00:00","dateModified":"2025-02-28T21:01:15+00:00","breadcrumb":{"@id":"https:\/\/nadair.com\/vacuum\/fr\/produit\/sac-de-filtration-jetables\/#breadcrumb"},"inLanguage":"fr-FR","potentialAction":[{"@type":"ReadAction","target":["https:\/\/nadair.com\/vacuum\/fr\/produit\/sac-de-filtration-jetables\/"]}]},{"@type":"ImageObject","inLanguage":"fr-FR","@id":"https:\/\/nadair.com\/vacuum\/fr\/produit\/sac-de-filtration-jetables\/#primaryimage","url":"https:\/\/i0.wp.com\/nadair.com\/vacuum\/wp-content\/uploads\/sites\/2\/2025\/01\/bag-2-scaled.jpg?fit=2560%2C2560&ssl=1","contentUrl":"https:\/\/i0.wp.com\/nadair.com\/vacuum\/wp-content\/uploads\/sites\/2\/2025\/01\/bag-2-scaled.jpg?fit=2560%2C2560&ssl=1","width":2560,"height":2560},{"@type":"BreadcrumbList","@id":"https:\/\/nadair.com\/vacuum\/fr\/produit\/sac-de-filtration-jetables\/#breadcrumb","itemListElement":[{"@type":"ListItem","position":1,"name":"Home","item":"https:\/\/nadair.com\/vacuum\/fr\/"},{"@type":"ListItem","position":2,"name":"Boutique","item":"https:\/\/nadair.com\/vacuum\/shop\/"},{"@type":"ListItem","position":3,"name":"Sacs de filtration jetables \u00e0 triple \u00e9paisseurs : 3 tailles disponibles : 12,5 L \/ 22,5 L \/ 45 L"}]},{"@type":"WebSite","@id":"https:\/\/nadair.com\/vacuum\/#website","url":"https:\/\/nadair.com\/vacuum\/","name":"Nadair Central Vacuum","description":"","publisher":{"@id":"https:\/\/nadair.com\/vacuum\/#organization"},"potentialAction":[{"@type":"SearchAction","target":{"@type":"EntryPoint","urlTemplate":"https:\/\/nadair.com\/vacuum\/?s={search_term_string}"},"query-input":{"@type":"PropertyValueSpecification","valueRequired":true,"valueName":"search_term_string"}}],"inLanguage":"fr-FR"},{"@type":"Organization","@id":"https:\/\/nadair.com\/vacuum\/#organization","name":"Nadair","url":"https:\/\/nadair.com\/vacuum\/","logo":{"@type":"ImageObject","inLanguage":"fr-FR","@id":"https:\/\/nadair.com\/vacuum\/#\/schema\/logo\/image\/","url":"https:\/\/i0.wp.com\/nadair.com\/vacuum\/wp-content\/uploads\/sites\/2\/2019\/11\/nadaire_fernetre.png?fit=202%2C98&ssl=1","contentUrl":"https:\/\/i0.wp.com\/nadair.com\/vacuum\/wp-content\/uploads\/sites\/2\/2019\/11\/nadaire_fernetre.png?fit=202%2C98&ssl=1","width":202,"height":98,"caption":"Nadair"},"image":{"@id":"https:\/\/nadair.com\/vacuum\/#\/schema\/logo\/image\/"}}]}},"jetpack_sharing_enabled":true,"_links":{"self":[{"href":"https:\/\/nadair.com\/vacuum\/fr\/wp-json\/wp\/v2\/product\/4822","targetHints":{"allow":["GET"]}}],"collection":[{"href":"https:\/\/nadair.com\/vacuum\/fr\/wp-json\/wp\/v2\/product"}],"about":[{"href":"https:\/\/nadair.com\/vacuum\/fr\/wp-json\/wp\/v2\/types\/product"}],"replies":[{"embeddable":true,"href":"https:\/\/nadair.com\/vacuum\/fr\/wp-json\/wp\/v2\/comments?post=4822"}],"wp:featuredmedia":[{"embeddable":true,"href":"https:\/\/nadair.com\/vacuum\/fr\/wp-json\/wp\/v2\/media\/4827"}],"wp:attachment":[{"href":"https:\/\/nadair.com\/vacuum\/fr\/wp-json\/wp\/v2\/media?parent=4822"}],"wp:term":[{"taxonomy":"product_brand","embeddable":true,"href":"https:\/\/nadair.com\/vacuum\/fr\/wp-json\/wp\/v2\/product_brand?post=4822"},{"taxonomy":"product_cat","embeddable":true,"href":"https:\/\/nadair.com\/vacuum\/fr\/wp-json\/wp\/v2\/product_cat?post=4822"},{"taxonomy":"product_tag","embeddable":true,"href":"https:\/\/nadair.com\/vacuum\/fr\/wp-json\/wp\/v2\/product_tag?post=4822"}],"curies":[{"name":"wp","href":"https:\/\/api.w.org\/{rel}","templated":true}]}}